{"id":9297,"date":"2022-03-24T20:37:45","date_gmt":"2022-03-24T19:37:45","guid":{"rendered":"https:\/\/saheb-consulting.de\/impressum\/"},"modified":"2022-04-06T00:54:24","modified_gmt":"2022-04-05T23:54:24","slug":"impronta","status":"publish","type":"page","link":"https:\/\/saheb-consulting.de\/it\/impronta\/","title":{"rendered":"impronta"},"content":{"rendered":"\t\t<div data-elementor-type=\"wp-page\" data-elementor-id=\"9297\" class=\"elementor elementor-9297 elementor-6416\" data-elementor-post-type=\"page\">\n\t\t\t\t\t\t<section class=\"elementor-section elementor-top-section elementor-element elementor-element-0ccaf09 elementor-section-boxed elementor-section-gap-beside-yes elementor-section-height-default elementor-section-height-default elementor-section-column-vertical-align-stretch\" data-id=\"0ccaf09\" data-element_type=\"section\">\n\t\t\t\t\t\t<div class=\"elementor-container elementor-column-gap-extended\">\n\t\t\t\t\t<div class=\"elementor-column elementor-col-100 elementor-top-column elementor-element elementor-element-c082174\" data-id=\"c082174\" data-element_type=\"column\">\n\t\t\t<div class=\"elementor-widget-wrap elementor-element-populated\">\n\t\t\t\t\t\t<div class=\"elementor-element elementor-element-42cba74 elementor-widget elementor-widget-text-editor\" data-id=\"42cba74\" data-element_type=\"widget\" data-widget_type=\"text-editor.default\">\n\t\t\t\t\t\t\t\t\t<p><strong>Informazioni secondo \u00a7 5 TMG:<\/strong><\/p><p><strong>Saheb Consulting UG<\/strong> (responsabilit\u00e0 limitata)<\/p><p>Koepenicker Landstra\u00dfe 254<br \/>12437 Berlino<\/p><p><strong>Direttore generale:<\/strong> Kathrin Saheb<\/p><p><strong>Partita IVA:<\/strong> DE350701174<\/p><p><strong>Tribunale distrettuale:<\/strong> Charlottenburg (a HRB 237911B)<br \/><strong>Registro delle imprese:<\/strong> Hardenbergstr. 31, 10623 Berlino<br \/><strong>Registro delle associazioni:<\/strong> Amtsgerichtsplatz 1, 14057 Berlino<\/p><p><strong>Tel:<\/strong> +49 (0)162 6 64 85 75<\/p><p><strong>Web:<\/strong> www.saheb-consulting.de<br \/><strong>E-mail:<\/strong> info@saheb-consulting.de<\/p><p>L&#8217;utilizzo, in tutto o in parte, delle immagini, della musica, dei video e dei testi disponibili su questo sito richiede il nostro preventivo consenso scritto. Ci riserviamo tutti gli altri diritti.<\/p><p><strong>Disclaimer<\/strong><\/p><p>1. Contenuto dell&#8217;offerta online<\/p><p>L&#8217;autore non si assume alcuna responsabilit\u00e0 per l&#8217;attualit\u00e0, correttezza, completezza o qualit\u00e0 delle informazioni fornite. In linea di principio sono escluse rivendicazioni di responsabilit\u00e0 nei confronti dell&#8217;autore per danni materiali o immateriali causati dall&#8217;uso o dal mancato utilizzo delle informazioni fornite o dall&#8217;uso di informazioni errate o incomplete, a condizione che non vi sia una colpa dimostrabile di dolo o grave negligenza natura da parte dell&#8217;autore presente. Tutte le offerte non sono vincolanti. L&#8217;autore si riserva espressamente il diritto di modificare, integrare o eliminare parti delle pagine o l&#8217;intera offerta senza preavviso o di cessare temporaneamente o definitivamente la pubblicazione.<\/p><p>2. Riferimenti e collegamenti<\/p><p>Se viene fatto riferimento diretto o indiretto a target di riferimento (&#8220;link&#8221;) che esulano dall&#8217;area di responsabilit\u00e0 dell&#8217;autore, l&#8217;autore \u00e8 responsabile solo se \u00e8 a conoscenza del contenuto e se sarebbe tecnicamente possibile e ragionevole per lui utilizzare in caso di contenuto illegale impedire. Per i contenuti che vanno al di l\u00e0 di questo e in particolare per i danni derivanti dall&#8217;uso o dal mancato utilizzo di tali informazioni risponde esclusivamente il provider della pagina a cui si fa riferimento, non colui che si limita a rimandare alla rispettiva pubblicazione tramite link. Questa restrizione si applica anche alle voci di terzi nei libri degli ospiti, nei forum di discussione e nelle mailing list create dall&#8217;autore.<\/p><p>3. Copyright<\/p><p>L&#8217;autore si impegna a rispettare i diritti d&#8217;autore della grafica, dei documenti audio, delle sequenze video e dei testi utilizzati in tutte le pubblicazioni, di utilizzare grafici, documenti audio, sequenze video e testi da lui stesso creati o di utilizzare grafica, documenti audio, video senza licenza sequenze e testi. Il diritto d&#8217;autore per gli oggetti pubblicati creati dall&#8217;autore stesso rimane esclusivamente dell&#8217;autore delle pagine. La riproduzione o l&#8217;utilizzo di tali grafici, documenti sonori, sequenze video e testi in altre pubblicazioni elettroniche o stampate non \u00e8 consentita senza l&#8217;espresso consenso dell&#8217;autore.<\/p><p>4. Validit\u00e0 legale di questo disclaimer<\/p><p>La presente esclusione di responsabilit\u00e0 \u00e8 da considerarsi parte del sito web da cui si \u00e8 fatto riferimento a questa pagina. Se parti o singole formulazioni di questo testo non corrispondono, non corrispondono pi\u00f9 o non corrispondono completamente alla situazione giuridica applicabile, le restanti parti del documento rimangono inalterate nel loro contenuto e validit\u00e0.<\/p>\t\t\t\t\t\t\t\t<\/div>\n\t\t\t\t\t<\/div>\n\t\t<\/div>\n\t\t\t\t\t<\/div>\n\t\t<\/section>\n\t\t\t\t<\/div>\n\t\t","protected":false},"excerpt":{"rendered":"<p>Informazioni secondo \u00a7 5 TMG: Saheb Consulting UG (responsabilit\u00e0 limitata) Koepenicker Landstra\u00dfe 25412437 Berlino Direttore generale: Kathrin Saheb Partita IVA: DE350701174 Tribunale distrettuale: Charlottenburg (a HRB 237911B)Registro delle imprese: Hardenbergstr. 31, 10623 BerlinoRegistro delle associazioni: Amtsgerichtsplatz 1, 14057 Berlino Tel: +49 (0)162 6 64 85 75 Web: www.saheb-consulting.deE-mail: info@saheb-consulting.de L&#8217;utilizzo, in tutto o in parte, delle immagini, della musica, dei video e dei testi disponibili su questo sito richiede il nostro preventivo consenso scritto. Ci riserviamo tutti gli altri diritti. Disclaimer 1. Contenuto dell&#8217;offerta online L&#8217;autore non si assume alcuna responsabilit\u00e0 per l&#8217;attualit\u00e0, correttezza, completezza o qualit\u00e0 delle informazioni fornite. In linea di principio sono escluse rivendicazioni di responsabilit\u00e0 nei confronti dell&#8217;autore per danni materiali o immateriali causati dall&#8217;uso o dal mancato utilizzo delle informazioni fornite o dall&#8217;uso di informazioni errate o incomplete, a condizione che non vi sia una colpa dimostrabile di dolo o grave negligenza natura da parte dell&#8217;autore presente. Tutte le offerte non sono vincolanti. L&#8217;autore si riserva espressamente il diritto di modificare, integrare o eliminare parti delle pagine o l&#8217;intera offerta senza preavviso o di cessare temporaneamente o definitivamente la pubblicazione. 2. Riferimenti e collegamenti Se viene fatto riferimento diretto o indiretto a target di riferimento (&#8220;link&#8221;) che esulano dall&#8217;area di responsabilit\u00e0 dell&#8217;autore, l&#8217;autore \u00e8 responsabile solo se \u00e8 a conoscenza del contenuto e se sarebbe tecnicamente possibile e ragionevole per lui utilizzare in caso di contenuto illegale impedire. Per i contenuti che vanno al di l\u00e0 di questo e in particolare per i danni derivanti dall&#8217;uso o dal mancato utilizzo di tali informazioni risponde esclusivamente il provider della pagina a cui si fa riferimento, non colui che si limita a rimandare alla rispettiva pubblicazione tramite link. Questa restrizione si applica anche alle voci di terzi nei libri degli ospiti, nei forum di discussione e nelle mailing list create dall&#8217;autore. 3. Copyright L&#8217;autore si impegna a rispettare i diritti d&#8217;autore della grafica, dei documenti audio, delle sequenze video e dei testi utilizzati in tutte le pubblicazioni, di utilizzare grafici, documenti audio, sequenze video e testi da lui stesso creati o di utilizzare grafica, documenti audio, video senza licenza sequenze e testi. Il diritto d&#8217;autore per gli oggetti pubblicati creati dall&#8217;autore stesso rimane esclusivamente dell&#8217;autore delle pagine. La riproduzione o l&#8217;utilizzo di tali grafici, documenti sonori, sequenze video e testi in altre pubblicazioni elettroniche o stampate non \u00e8 consentita senza l&#8217;espresso consenso dell&#8217;autore. 4. Validit\u00e0 legale di questo disclaimer La presente esclusione di responsabilit\u00e0 \u00e8 da considerarsi parte del sito web da cui si \u00e8 fatto riferimento a questa pagina. Se parti o singole formulazioni di questo testo non corrispondono, non corrispondono pi\u00f9 o non corrispondono completamente alla situazione giuridica applicabile, le restanti parti del documento rimangono inalterate nel loro contenuto e validit\u00e0.<\/p>\n","protected":false},"author":2,"featured_media":0,"parent":0,"menu_order":0,"comment_status":"closed","ping_status":"closed","template":"","meta":{"footnotes":""},"class_list":["post-9297","page","type-page","status-publish","hentry","post-no-thumbnail"],"yoast_head":"<!-- This site is optimized with the Yoast SEO Premium plugin v18.2.1 (Yoast SEO v26.0) - https:\/\/yoast.com\/wordpress\/plugins\/seo\/ -->\n<title>impronta - Saheb Consulting<\/title>\n<meta name=\"robots\" content=\"noindex, nofollow\" \/>\n<meta property=\"og:locale\" content=\"it_IT\" \/>\n<meta property=\"og:type\" content=\"article\" \/>\n<meta property=\"og:title\" content=\"impronta\" \/>\n<meta property=\"og:description\" content=\"Informazioni secondo \u00a7 5 TMG: Saheb Consulting UG (responsabilit\u00e0 limitata) Koepenicker Landstra\u00dfe 25412437 Berlino Direttore generale: Kathrin Saheb Partita IVA: DE350701174 Tribunale distrettuale: Charlottenburg (a HRB 237911B)Registro delle imprese: Hardenbergstr. 31, 10623 BerlinoRegistro delle associazioni: Amtsgerichtsplatz 1, 14057 Berlino Tel: +49 (0)162 6 64 85 75 Web: www.saheb-consulting.deE-mail: info@saheb-consulting.de L&#8217;utilizzo, in tutto o in parte, delle immagini, della musica, dei video e dei testi disponibili su questo sito richiede il nostro preventivo consenso scritto. Ci riserviamo tutti gli altri diritti. Disclaimer 1. Contenuto dell&#8217;offerta online L&#8217;autore non si assume alcuna responsabilit\u00e0 per l&#8217;attualit\u00e0, correttezza, completezza o qualit\u00e0 delle informazioni fornite. In linea di principio sono escluse rivendicazioni di responsabilit\u00e0 nei confronti dell&#8217;autore per danni materiali o immateriali causati dall&#8217;uso o dal mancato utilizzo delle informazioni fornite o dall&#8217;uso di informazioni errate o incomplete, a condizione che non vi sia una colpa dimostrabile di dolo o grave negligenza natura da parte dell&#8217;autore presente. Tutte le offerte non sono vincolanti. L&#8217;autore si riserva espressamente il diritto di modificare, integrare o eliminare parti delle pagine o l&#8217;intera offerta senza preavviso o di cessare temporaneamente o definitivamente la pubblicazione. 2. Riferimenti e collegamenti Se viene fatto riferimento diretto o indiretto a target di riferimento (&#8220;link&#8221;) che esulano dall&#8217;area di responsabilit\u00e0 dell&#8217;autore, l&#8217;autore \u00e8 responsabile solo se \u00e8 a conoscenza del contenuto e se sarebbe tecnicamente possibile e ragionevole per lui utilizzare in caso di contenuto illegale impedire. Per i contenuti che vanno al di l\u00e0 di questo e in particolare per i danni derivanti dall&#8217;uso o dal mancato utilizzo di tali informazioni risponde esclusivamente il provider della pagina a cui si fa riferimento, non colui che si limita a rimandare alla rispettiva pubblicazione tramite link. Questa restrizione si applica anche alle voci di terzi nei libri degli ospiti, nei forum di discussione e nelle mailing list create dall&#8217;autore. 3. Copyright L&#8217;autore si impegna a rispettare i diritti d&#8217;autore della grafica, dei documenti audio, delle sequenze video e dei testi utilizzati in tutte le pubblicazioni, di utilizzare grafici, documenti audio, sequenze video e testi da lui stesso creati o di utilizzare grafica, documenti audio, video senza licenza sequenze e testi. Il diritto d&#8217;autore per gli oggetti pubblicati creati dall&#8217;autore stesso rimane esclusivamente dell&#8217;autore delle pagine. La riproduzione o l&#8217;utilizzo di tali grafici, documenti sonori, sequenze video e testi in altre pubblicazioni elettroniche o stampate non \u00e8 consentita senza l&#8217;espresso consenso dell&#8217;autore. 4. Validit\u00e0 legale di questo disclaimer La presente esclusione di responsabilit\u00e0 \u00e8 da considerarsi parte del sito web da cui si \u00e8 fatto riferimento a questa pagina. Se parti o singole formulazioni di questo testo non corrispondono, non corrispondono pi\u00f9 o non corrispondono completamente alla situazione giuridica applicabile, le restanti parti del documento rimangono inalterate nel loro contenuto e validit\u00e0.\" \/>\n<meta property=\"og:url\" content=\"https:\/\/saheb-consulting.de\/impressum\/\" \/>\n<meta property=\"og:site_name\" content=\"Saheb Consulting\" \/>\n<meta property=\"article:modified_time\" content=\"2022-04-05T23:54:24+00:00\" \/>\n<meta name=\"twitter:card\" content=\"summary_large_image\" \/>\n<meta name=\"twitter:label1\" content=\"Tempo di lettura stimato\" \/>\n\t<meta name=\"twitter:data1\" content=\"3 minuti\" \/>\n<script type=\"application\/ld+json\" class=\"yoast-schema-graph\">{\"@context\":\"https:\/\/schema.org\",\"@graph\":[{\"@type\":\"WebPage\",\"@id\":\"https:\/\/saheb-consulting.de\/impressum\/\",\"url\":\"https:\/\/saheb-consulting.de\/impressum\/\",\"name\":\"impronta - Saheb Consulting\",\"isPartOf\":{\"@id\":\"https:\/\/saheb-consulting.de\/#website\"},\"datePublished\":\"2022-03-24T19:37:45+00:00\",\"dateModified\":\"2022-04-05T23:54:24+00:00\",\"breadcrumb\":{\"@id\":\"https:\/\/saheb-consulting.de\/impressum\/#breadcrumb\"},\"inLanguage\":\"it-IT\",\"potentialAction\":[{\"@type\":\"ReadAction\",\"target\":[\"https:\/\/saheb-consulting.de\/impressum\/\"]}]},{\"@type\":\"BreadcrumbList\",\"@id\":\"https:\/\/saheb-consulting.de\/impressum\/#breadcrumb\",\"itemListElement\":[{\"@type\":\"ListItem\",\"position\":1,\"name\":\"Home\",\"item\":\"https:\/\/saheb-consulting.de\/\"},{\"@type\":\"ListItem\",\"position\":2,\"name\":\"impronta\"}]},{\"@type\":\"WebSite\",\"@id\":\"https:\/\/saheb-consulting.de\/#website\",\"url\":\"https:\/\/saheb-consulting.de\/\",\"name\":\"Saheb Consulting\",\"description\":\"Lean Administration f\u00fcr Fach- und F\u00fchrungskr\u00e4fte\",\"potentialAction\":[{\"@type\":\"SearchAction\",\"target\":{\"@type\":\"EntryPoint\",\"urlTemplate\":\"https:\/\/saheb-consulting.de\/?s={search_term_string}\"},\"query-input\":{\"@type\":\"PropertyValueSpecification\",\"valueRequired\":true,\"valueName\":\"search_term_string\"}}],\"inLanguage\":\"it-IT\"}]}<\/script>\n<!-- \/ Yoast SEO Premium plugin. -->","yoast_head_json":{"title":"impronta - Saheb Consulting","robots":{"index":"noindex","follow":"nofollow"},"og_locale":"it_IT","og_type":"article","og_title":"impronta","og_description":"Informazioni secondo \u00a7 5 TMG: Saheb Consulting UG (responsabilit\u00e0 limitata) Koepenicker Landstra\u00dfe 25412437 Berlino Direttore generale: Kathrin Saheb Partita IVA: DE350701174 Tribunale distrettuale: Charlottenburg (a HRB 237911B)Registro delle imprese: Hardenbergstr. 31, 10623 BerlinoRegistro delle associazioni: Amtsgerichtsplatz 1, 14057 Berlino Tel: +49 (0)162 6 64 85 75 Web: www.saheb-consulting.deE-mail: info@saheb-consulting.de L&#8217;utilizzo, in tutto o in parte, delle immagini, della musica, dei video e dei testi disponibili su questo sito richiede il nostro preventivo consenso scritto. Ci riserviamo tutti gli altri diritti. Disclaimer 1. Contenuto dell&#8217;offerta online L&#8217;autore non si assume alcuna responsabilit\u00e0 per l&#8217;attualit\u00e0, correttezza, completezza o qualit\u00e0 delle informazioni fornite. In linea di principio sono escluse rivendicazioni di responsabilit\u00e0 nei confronti dell&#8217;autore per danni materiali o immateriali causati dall&#8217;uso o dal mancato utilizzo delle informazioni fornite o dall&#8217;uso di informazioni errate o incomplete, a condizione che non vi sia una colpa dimostrabile di dolo o grave negligenza natura da parte dell&#8217;autore presente. Tutte le offerte non sono vincolanti. L&#8217;autore si riserva espressamente il diritto di modificare, integrare o eliminare parti delle pagine o l&#8217;intera offerta senza preavviso o di cessare temporaneamente o definitivamente la pubblicazione. 2. Riferimenti e collegamenti Se viene fatto riferimento diretto o indiretto a target di riferimento (&#8220;link&#8221;) che esulano dall&#8217;area di responsabilit\u00e0 dell&#8217;autore, l&#8217;autore \u00e8 responsabile solo se \u00e8 a conoscenza del contenuto e se sarebbe tecnicamente possibile e ragionevole per lui utilizzare in caso di contenuto illegale impedire. Per i contenuti che vanno al di l\u00e0 di questo e in particolare per i danni derivanti dall&#8217;uso o dal mancato utilizzo di tali informazioni risponde esclusivamente il provider della pagina a cui si fa riferimento, non colui che si limita a rimandare alla rispettiva pubblicazione tramite link. Questa restrizione si applica anche alle voci di terzi nei libri degli ospiti, nei forum di discussione e nelle mailing list create dall&#8217;autore. 3. Copyright L&#8217;autore si impegna a rispettare i diritti d&#8217;autore della grafica, dei documenti audio, delle sequenze video e dei testi utilizzati in tutte le pubblicazioni, di utilizzare grafici, documenti audio, sequenze video e testi da lui stesso creati o di utilizzare grafica, documenti audio, video senza licenza sequenze e testi. Il diritto d&#8217;autore per gli oggetti pubblicati creati dall&#8217;autore stesso rimane esclusivamente dell&#8217;autore delle pagine. La riproduzione o l&#8217;utilizzo di tali grafici, documenti sonori, sequenze video e testi in altre pubblicazioni elettroniche o stampate non \u00e8 consentita senza l&#8217;espresso consenso dell&#8217;autore. 4. Validit\u00e0 legale di questo disclaimer La presente esclusione di responsabilit\u00e0 \u00e8 da considerarsi parte del sito web da cui si \u00e8 fatto riferimento a questa pagina. Se parti o singole formulazioni di questo testo non corrispondono, non corrispondono pi\u00f9 o non corrispondono completamente alla situazione giuridica applicabile, le restanti parti del documento rimangono inalterate nel loro contenuto e validit\u00e0.","og_url":"https:\/\/saheb-consulting.de\/impressum\/","og_site_name":"Saheb Consulting","article_modified_time":"2022-04-05T23:54:24+00:00","twitter_card":"summary_large_image","twitter_misc":{"Tempo di lettura stimato":"3 minuti"},"schema":{"@context":"https:\/\/schema.org","@graph":[{"@type":"WebPage","@id":"https:\/\/saheb-consulting.de\/impressum\/","url":"https:\/\/saheb-consulting.de\/impressum\/","name":"impronta - Saheb Consulting","isPartOf":{"@id":"https:\/\/saheb-consulting.de\/#website"},"datePublished":"2022-03-24T19:37:45+00:00","dateModified":"2022-04-05T23:54:24+00:00","breadcrumb":{"@id":"https:\/\/saheb-consulting.de\/impressum\/#breadcrumb"},"inLanguage":"it-IT","potentialAction":[{"@type":"ReadAction","target":["https:\/\/saheb-consulting.de\/impressum\/"]}]},{"@type":"BreadcrumbList","@id":"https:\/\/saheb-consulting.de\/impressum\/#breadcrumb","itemListElement":[{"@type":"ListItem","position":1,"name":"Home","item":"https:\/\/saheb-consulting.de\/"},{"@type":"ListItem","position":2,"name":"impronta"}]},{"@type":"WebSite","@id":"https:\/\/saheb-consulting.de\/#website","url":"https:\/\/saheb-consulting.de\/","name":"Saheb Consulting","description":"Lean Administration f\u00fcr Fach- und F\u00fchrungskr\u00e4fte","potentialAction":[{"@type":"SearchAction","target":{"@type":"EntryPoint","urlTemplate":"https:\/\/saheb-consulting.de\/?s={search_term_string}"},"query-input":{"@type":"PropertyValueSpecification","valueRequired":true,"valueName":"search_term_string"}}],"inLanguage":"it-IT"}]}},"_links":{"self":[{"href":"https:\/\/saheb-consulting.de\/it\/wp-json\/wp\/v2\/pages\/9297","targetHints":{"allow":["GET"]}}],"collection":[{"href":"https:\/\/saheb-consulting.de\/it\/wp-json\/wp\/v2\/pages"}],"about":[{"href":"https:\/\/saheb-consulting.de\/it\/wp-json\/wp\/v2\/types\/page"}],"author":[{"embeddable":true,"href":"https:\/\/saheb-consulting.de\/it\/wp-json\/wp\/v2\/users\/2"}],"replies":[{"embeddable":true,"href":"https:\/\/saheb-consulting.de\/it\/wp-json\/wp\/v2\/comments?post=9297"}],"version-history":[{"count":8,"href":"https:\/\/saheb-consulting.de\/it\/wp-json\/wp\/v2\/pages\/9297\/revisions"}],"predecessor-version":[{"id":9461,"href":"https:\/\/saheb-consulting.de\/it\/wp-json\/wp\/v2\/pages\/9297\/revisions\/9461"}],"wp:attachment":[{"href":"https:\/\/saheb-consulting.de\/it\/wp-json\/wp\/v2\/media?parent=9297"}],"curies":[{"name":"wp","href":"https:\/\/api.w.org\/{rel}","templated":true}]}}