{"id":9147,"date":"2022-03-17T03:51:02","date_gmt":"2022-03-17T02:51:02","guid":{"rendered":"https:\/\/saheb-consulting.de\/buchung\/"},"modified":"2022-04-05T00:30:34","modified_gmt":"2022-04-04T23:30:34","slug":"biglietteria","status":"publish","type":"page","link":"https:\/\/saheb-consulting.de\/it\/biglietteria\/","title":{"rendered":"Seleziona data e modulo"},"content":{"rendered":"\t\t<div data-elementor-type=\"wp-page\" data-elementor-id=\"9147\" class=\"elementor elementor-9147 elementor-5630\" data-elementor-post-type=\"page\">\n\t\t\t\t\t\t<section class=\"elementor-section elementor-top-section elementor-element elementor-element-78a3e97f elementor-section-boxed elementor-section-gap-beside-yes elementor-section-height-default elementor-section-height-default elementor-section-column-vertical-align-stretch\" data-id=\"78a3e97f\" data-element_type=\"section\">\n\t\t\t\t\t\t<div class=\"elementor-container elementor-column-gap-extended\">\n\t\t\t\t\t<div class=\"elementor-column elementor-col-33 elementor-top-column elementor-element elementor-element-5d5cd81f\" data-id=\"5d5cd81f\" data-element_type=\"column\">\n\t\t\t<div class=\"elementor-widget-wrap\">\n\t\t\t\t\t\t\t<\/div>\n\t\t<\/div>\n\t\t\t\t<div class=\"elementor-column elementor-col-33 elementor-top-column elementor-element elementor-element-148265a\" data-id=\"148265a\" data-element_type=\"column\">\n\t\t\t<div class=\"elementor-widget-wrap elementor-element-populated\">\n\t\t\t\t\t\t<div class=\"elementor-element elementor-element-18498544 elementor-widget elementor-widget-shortcode\" data-id=\"18498544\" data-element_type=\"widget\" data-widget_type=\"shortcode.default\">\n\t\t\t\t\t\t\t<div class=\"elementor-shortcode\">[booked-calendar]<\/div>\n\t\t\t\t\t\t<\/div>\n\t\t\t\t<div class=\"elementor-element elementor-element-2f9077f elementor-widget elementor-widget-text-editor\" data-id=\"2f9077f\" data-element_type=\"widget\" data-widget_type=\"text-editor.default\">\n\t\t\t\t\t\t\t\t\t<p>Nota: se tutte le aree sono disattivate e le opzioni non sono selezionabili, al momento non ci sono appuntamenti disponibili.<\/p><p>Tuttavia, puoi utilizzare il nostro modulo di contatto per <span style=\"color: #ffffff;\"><a style=\"color: #ffffff;\" href=\"https:\/\/saheb-consulting.de\/it\/contatto\/\"><span style=\"text-decoration: underline;\">richiedere<\/span><\/a><\/span> un appuntamento.<\/p>\t\t\t\t\t\t\t\t<\/div>\n\t\t\t\t\t<\/div>\n\t\t<\/div>\n\t\t\t\t<div class=\"elementor-column elementor-col-33 elementor-top-column elementor-element elementor-element-306c2116\" data-id=\"306c2116\" data-element_type=\"column\">\n\t\t\t<div class=\"elementor-widget-wrap\">\n\t\t\t\t\t\t\t<\/div>\n\t\t<\/div>\n\t\t\t\t\t<\/div>\n\t\t<\/section>\n\t\t\t\t<\/div>\n\t\t","protected":false},"excerpt":{"rendered":"<p>[booked-calendar] Nota: se tutte le aree sono disattivate e le opzioni non sono selezionabili, al momento non ci sono appuntamenti disponibili. Tuttavia, puoi utilizzare il nostro modulo di contatto per richiedere un appuntamento.<\/p>\n","protected":false},"author":1,"featured_media":0,"parent":0,"menu_order":0,"comment_status":"closed","ping_status":"closed","template":"","meta":{"footnotes":""},"class_list":["post-9147","page","type-page","status-publish","hentry","post-no-thumbnail"],"yoast_head":"<!-- This site is optimized with the Yoast SEO Premium plugin v18.2.1 (Yoast SEO v26.0) - https:\/\/yoast.com\/wordpress\/plugins\/seo\/ -->\n<title>Seleziona data e modulo - Saheb Consulting<\/title>\n<meta name=\"robots\" content=\"noindex, nofollow\" \/>\n<meta property=\"og:locale\" content=\"it_IT\" \/>\n<meta property=\"og:type\" content=\"article\" \/>\n<meta property=\"og:title\" content=\"Seleziona data e modulo\" \/>\n<meta property=\"og:description\" content=\"[booked-calendar] Nota: se tutte le aree sono disattivate e le opzioni non sono selezionabili, al momento non ci sono appuntamenti disponibili. Tuttavia, puoi utilizzare il nostro modulo di contatto per richiedere un appuntamento.\" \/>\n<meta property=\"og:url\" content=\"https:\/\/saheb-consulting.de\/buchung\/\" \/>\n<meta property=\"og:site_name\" content=\"Saheb Consulting\" \/>\n<meta property=\"article:modified_time\" content=\"2022-04-04T23:30:34+00:00\" \/>\n<meta name=\"twitter:card\" content=\"summary_large_image\" \/>\n<script type=\"application\/ld+json\" class=\"yoast-schema-graph\">{\"@context\":\"https:\/\/schema.org\",\"@graph\":[{\"@type\":\"WebPage\",\"@id\":\"https:\/\/saheb-consulting.de\/buchung\/\",\"url\":\"https:\/\/saheb-consulting.de\/buchung\/\",\"name\":\"Seleziona data e modulo - Saheb Consulting\",\"isPartOf\":{\"@id\":\"https:\/\/saheb-consulting.de\/#website\"},\"datePublished\":\"2022-03-17T02:51:02+00:00\",\"dateModified\":\"2022-04-04T23:30:34+00:00\",\"breadcrumb\":{\"@id\":\"https:\/\/saheb-consulting.de\/buchung\/#breadcrumb\"},\"inLanguage\":\"it-IT\",\"potentialAction\":[{\"@type\":\"ReadAction\",\"target\":[\"https:\/\/saheb-consulting.de\/buchung\/\"]}]},{\"@type\":\"BreadcrumbList\",\"@id\":\"https:\/\/saheb-consulting.de\/buchung\/#breadcrumb\",\"itemListElement\":[{\"@type\":\"ListItem\",\"position\":1,\"name\":\"Home\",\"item\":\"https:\/\/saheb-consulting.de\/\"},{\"@type\":\"ListItem\",\"position\":2,\"name\":\"Seleziona data e modulo\"}]},{\"@type\":\"WebSite\",\"@id\":\"https:\/\/saheb-consulting.de\/#website\",\"url\":\"https:\/\/saheb-consulting.de\/\",\"name\":\"Saheb Consulting\",\"description\":\"Lean Administration f\u00fcr Fach- und F\u00fchrungskr\u00e4fte\",\"potentialAction\":[{\"@type\":\"SearchAction\",\"target\":{\"@type\":\"EntryPoint\",\"urlTemplate\":\"https:\/\/saheb-consulting.de\/?s={search_term_string}\"},\"query-input\":{\"@type\":\"PropertyValueSpecification\",\"valueRequired\":true,\"valueName\":\"search_term_string\"}}],\"inLanguage\":\"it-IT\"}]}<\/script>\n<!-- \/ Yoast SEO Premium plugin. -->","yoast_head_json":{"title":"Seleziona data e modulo - Saheb Consulting","robots":{"index":"noindex","follow":"nofollow"},"og_locale":"it_IT","og_type":"article","og_title":"Seleziona data e modulo","og_description":"[booked-calendar] Nota: se tutte le aree sono disattivate e le opzioni non sono selezionabili, al momento non ci sono appuntamenti disponibili. Tuttavia, puoi utilizzare il nostro modulo di contatto per richiedere un appuntamento.","og_url":"https:\/\/saheb-consulting.de\/buchung\/","og_site_name":"Saheb Consulting","article_modified_time":"2022-04-04T23:30:34+00:00","twitter_card":"summary_large_image","schema":{"@context":"https:\/\/schema.org","@graph":[{"@type":"WebPage","@id":"https:\/\/saheb-consulting.de\/buchung\/","url":"https:\/\/saheb-consulting.de\/buchung\/","name":"Seleziona data e modulo - Saheb Consulting","isPartOf":{"@id":"https:\/\/saheb-consulting.de\/#website"},"datePublished":"2022-03-17T02:51:02+00:00","dateModified":"2022-04-04T23:30:34+00:00","breadcrumb":{"@id":"https:\/\/saheb-consulting.de\/buchung\/#breadcrumb"},"inLanguage":"it-IT","potentialAction":[{"@type":"ReadAction","target":["https:\/\/saheb-consulting.de\/buchung\/"]}]},{"@type":"BreadcrumbList","@id":"https:\/\/saheb-consulting.de\/buchung\/#breadcrumb","itemListElement":[{"@type":"ListItem","position":1,"name":"Home","item":"https:\/\/saheb-consulting.de\/"},{"@type":"ListItem","position":2,"name":"Seleziona data e modulo"}]},{"@type":"WebSite","@id":"https:\/\/saheb-consulting.de\/#website","url":"https:\/\/saheb-consulting.de\/","name":"Saheb Consulting","description":"Lean Administration f\u00fcr Fach- und F\u00fchrungskr\u00e4fte","potentialAction":[{"@type":"SearchAction","target":{"@type":"EntryPoint","urlTemplate":"https:\/\/saheb-consulting.de\/?s={search_term_string}"},"query-input":{"@type":"PropertyValueSpecification","valueRequired":true,"valueName":"search_term_string"}}],"inLanguage":"it-IT"}]}},"_links":{"self":[{"href":"https:\/\/saheb-consulting.de\/it\/wp-json\/wp\/v2\/pages\/9147","targetHints":{"allow":["GET"]}}],"collection":[{"href":"https:\/\/saheb-consulting.de\/it\/wp-json\/wp\/v2\/pages"}],"about":[{"href":"https:\/\/saheb-consulting.de\/it\/wp-json\/wp\/v2\/types\/page"}],"author":[{"embeddable":true,"href":"https:\/\/saheb-consulting.de\/it\/wp-json\/wp\/v2\/users\/1"}],"replies":[{"embeddable":true,"href":"https:\/\/saheb-consulting.de\/it\/wp-json\/wp\/v2\/comments?post=9147"}],"version-history":[{"count":8,"href":"https:\/\/saheb-consulting.de\/it\/wp-json\/wp\/v2\/pages\/9147\/revisions"}],"predecessor-version":[{"id":9161,"href":"https:\/\/saheb-consulting.de\/it\/wp-json\/wp\/v2\/pages\/9147\/revisions\/9161"}],"wp:attachment":[{"href":"https:\/\/saheb-consulting.de\/it\/wp-json\/wp\/v2\/media?parent=9147"}],"curies":[{"name":"wp","href":"https:\/\/api.w.org\/{rel}","templated":true}]}}