{"id":8658,"date":"2022-03-24T19:41:39","date_gmt":"2022-03-24T18:41:39","guid":{"rendered":"https:\/\/saheb-consulting.de\/das-buch\/"},"modified":"2022-04-05T23:37:34","modified_gmt":"2022-04-05T22:37:34","slug":"il-libro","status":"publish","type":"page","link":"https:\/\/saheb-consulting.de\/it\/il-libro\/","title":{"rendered":"Il libro"},"content":{"rendered":"\t\t<div data-elementor-type=\"wp-page\" data-elementor-id=\"8658\" class=\"elementor elementor-8658 elementor-6353\" data-elementor-post-type=\"page\">\n\t\t\t\t\t\t<section class=\"elementor-section elementor-top-section elementor-element elementor-element-1db69b6 elementor-section-stretched elementor-section-boxed elementor-section-gap-beside-yes elementor-section-height-default elementor-section-height-default elementor-section-content-align-center elementor-section-column-vertical-align-stretch\" data-id=\"1db69b6\" data-element_type=\"section\" data-settings=\"{&quot;stretch_section&quot;:&quot;section-stretched&quot;,&quot;background_background&quot;:&quot;classic&quot;}\">\n\t\t\t\t\t\t<div class=\"elementor-container elementor-column-gap-extended\">\n\t\t\t\t\t<div class=\"elementor-column elementor-col-50 elementor-top-column elementor-element elementor-element-4ade2aa\" data-id=\"4ade2aa\" data-element_type=\"column\">\n\t\t\t<div class=\"elementor-widget-wrap elementor-element-populated\">\n\t\t\t\t\t\t<div class=\"elementor-element elementor-element-4060674 elementor-widget elementor-widget-heading\" data-id=\"4060674\" data-element_type=\"widget\" data-widget_type=\"heading.default\">\n\t\t\t\t\t<h2 class=\"elementor-heading-title elementor-size-default\">Il libro - L'amministrazione snella passo dopo passo<\/h2>\t\t\t\t<\/div>\n\t\t\t\t\t<\/div>\n\t\t<\/div>\n\t\t\t\t<div class=\"elementor-column elementor-col-50 elementor-top-column elementor-element elementor-element-5e34395\" data-id=\"5e34395\" data-element_type=\"column\">\n\t\t\t<div class=\"elementor-widget-wrap elementor-element-populated\">\n\t\t\t\t\t\t<div class=\"elementor-element elementor-element-05dbabb elementor-widget elementor-widget-image\" data-id=\"05dbabb\" data-element_type=\"widget\" data-widget_type=\"image.default\">\n\t\t\t\t\t\t\t\t\t\t\t\t\t\t\t<img loading=\"lazy\" decoding=\"async\" width=\"2000\" height=\"443\" src=\"https:\/\/saheb-consulting.de\/wp-content\/uploads\/2022\/03\/Amazon_Kindle_logo.svg.png\" class=\"attachment-full size-full wp-image-6372\" alt=\"\" srcset=\"https:\/\/saheb-consulting.de\/wp-content\/uploads\/2022\/03\/Amazon_Kindle_logo.svg.png 2000w, https:\/\/saheb-consulting.de\/wp-content\/uploads\/2022\/03\/Amazon_Kindle_logo.svg-300x66.png 300w, https:\/\/saheb-consulting.de\/wp-content\/uploads\/2022\/03\/Amazon_Kindle_logo.svg-1024x227.png 1024w, https:\/\/saheb-consulting.de\/wp-content\/uploads\/2022\/03\/Amazon_Kindle_logo.svg-768x170.png 768w, https:\/\/saheb-consulting.de\/wp-content\/uploads\/2022\/03\/Amazon_Kindle_logo.svg-1536x340.png 1536w, https:\/\/saheb-consulting.de\/wp-content\/uploads\/2022\/03\/Amazon_Kindle_logo.svg-400x89.png 400w, https:\/\/saheb-consulting.de\/wp-content\/uploads\/2022\/03\/Amazon_Kindle_logo.svg-600x133.png 600w\" sizes=\"auto, (max-width: 2000px) 100vw, 2000px\" \/>\t\t\t\t\t\t\t\t\t\t\t\t\t\t\t<\/div>\n\t\t\t\t\t<\/div>\n\t\t<\/div>\n\t\t\t\t\t<\/div>\n\t\t<\/section>\n\t\t\t\t<section class=\"elementor-section elementor-top-section elementor-element elementor-element-51915af6 elementor-section-stretched elementor-section-boxed elementor-section-gap-beside-yes elementor-section-height-default elementor-section-height-default elementor-section-content-align-center elementor-section-column-vertical-align-stretch\" data-id=\"51915af6\" data-element_type=\"section\" data-settings=\"{&quot;stretch_section&quot;:&quot;section-stretched&quot;,&quot;background_background&quot;:&quot;classic&quot;}\">\n\t\t\t\t\t\t<div class=\"elementor-container elementor-column-gap-extended\">\n\t\t\t\t\t<div class=\"elementor-column elementor-col-100 elementor-top-column elementor-element elementor-element-50ca42a4\" data-id=\"50ca42a4\" data-element_type=\"column\">\n\t\t\t<div class=\"elementor-widget-wrap elementor-element-populated\">\n\t\t\t\t\t\t<section class=\"elementor-section elementor-inner-section elementor-element elementor-element-7d5483c6 elementor-section-gap-beside-no elementor-section-boxed elementor-section-height-default elementor-section-height-default elementor-section-column-vertical-align-stretch\" data-id=\"7d5483c6\" data-element_type=\"section\">\n\t\t\t\t\t\t<div class=\"elementor-container elementor-column-gap-extended\">\n\t\t\t\t\t<div class=\"elementor-column elementor-col-50 elementor-inner-column elementor-element elementor-element-2b9582a8\" data-id=\"2b9582a8\" data-element_type=\"column\">\n\t\t\t<div class=\"elementor-widget-wrap elementor-element-populated\">\n\t\t\t\t\t\t<div class=\"elementor-element elementor-element-7bba956e elementor-widget elementor-widget-text-editor\" data-id=\"7bba956e\" data-element_type=\"widget\" data-widget_type=\"text-editor.default\">\n\t\t\t\t\t\t\t\t\t<p>&#8220;Lean Administration Step by Step&#8221; \u00e8 rivolto a specialisti e manager che vogliono introdurre un&#8217;amministrazione snella. \u00c8 concepito come un pratico manuale in 2 volumi.<\/p><p>Il libro Kathrin Saheb: Lean Administration (ISBN: 978-3-95631-168-0) \u00e8 stato pubblicato da Shaker Media.<\/p><p>Viene mostrato passo dopo passo come viene introdotta con successo la Lean Administration. La procedura presentata si basa sui molti anni di pratica dell&#8217;autore come consulente snello. Oltre ai ben noti strumenti e metodi lean, viene posta particolare enfasi sull&#8217;organizzazione dell&#8217;attuazione del progetto e sugli elementi di gestione del cambiamento.<\/p><p>Molti esempi pratici e un rapporto sul campo dettagliato sull&#8217;introduzione dell&#8217;amministrazione snella in un sito Alstom AG completano il libro.<\/p><p>Moduli, liste di controllo e illustrazioni selezionate saranno presto disponibili sul blog del libro all&#8217;indirizzo www.lean-administration-step-fuer-step.de, cos\u00ec come le informazioni sul seminario del libro.<\/p><p>&#8220;Lean Administration Step by Step: Volume 2 &#8211; The Implementation&#8221; \u00e8 ora disponibile nelle librerie (Shaker Media, ISBN:978-3956315602). &#8220;Lean Administration Step by Step: Volume 2 &#8211; The Implementation&#8221; \u00e8 ora disponibile nelle librerie (Shaker Media , ISBN:978-3956315602).<\/p>\t\t\t\t\t\t\t\t<\/div>\n\t\t\t\t\t<\/div>\n\t\t<\/div>\n\t\t\t\t<div class=\"elementor-column elementor-col-50 elementor-inner-column elementor-element elementor-element-721d331c\" data-id=\"721d331c\" data-element_type=\"column\">\n\t\t\t<div class=\"elementor-widget-wrap elementor-element-populated\">\n\t\t\t\t\t\t<div class=\"elementor-element elementor-element-6995f483 elementor-widget elementor-widget-image\" data-id=\"6995f483\" data-element_type=\"widget\" data-widget_type=\"image.default\">\n\t\t\t\t\t\t\t\t\t\t\t\t\t\t\t\t<a href=\"https:\/\/www.amazon.de\/Lean-Administration-Step-implementation-organisations-ebook\/dp\/B01HZVST3Q\/ref=sr_1_3?qid=1649038752&#038;refinements=p_27%3AKathrin+Saheb&#038;s=books&#038;sr=1-3&#038;text=Kathrin+Saheb\" target=\"_blank\">\n\t\t\t\t\t\t\t<img loading=\"lazy\" decoding=\"async\" width=\"353\" height=\"500\" src=\"https:\/\/saheb-consulting.de\/wp-content\/uploads\/2022\/04\/41dD-9b-yL.jpg\" class=\"attachment-full size-full wp-image-8666\" alt=\"\" srcset=\"https:\/\/saheb-consulting.de\/wp-content\/uploads\/2022\/04\/41dD-9b-yL.jpg 353w, https:\/\/saheb-consulting.de\/wp-content\/uploads\/2022\/04\/41dD-9b-yL-212x300.jpg 212w\" sizes=\"auto, (max-width: 353px) 100vw, 353px\" \/>\t\t\t\t\t\t\t\t<\/a>\n\t\t\t\t\t\t\t\t\t\t\t\t\t\t\t<\/div>\n\t\t\t\t<div class=\"elementor-element elementor-element-523da7ed elementor-widget elementor-widget-text-editor\" data-id=\"523da7ed\" data-element_type=\"widget\" data-widget_type=\"text-editor.default\">\n\t\t\t\t\t\t\t\t\t<p><strong>Autore:<\/strong> Kathrin Saheb<br \/><strong>Grafico:<\/strong> Paul Giraud<br \/><strong>Lingue:<\/strong> Inglese<\/p>\t\t\t\t\t\t\t\t<\/div>\n\t\t\t\t<div class=\"elementor-element elementor-element-7b176ad3 elementor-align-justify elementor-widget elementor-widget-button\" data-id=\"7b176ad3\" data-element_type=\"widget\" data-widget_type=\"button.default\">\n\t\t\t\t\t\t\t\t\t\t<a class=\"elementor-button elementor-button-link elementor-size-sm\" href=\"https:\/\/www.amazon.de\/Lean-Administration-Step-implementation-organisations-ebook\/dp\/B01HZVST3Q\/ref=sr_1_3?qid=1649038752&#038;refinements=p_27%3AKathrin+Saheb&#038;s=books&#038;sr=1-3&#038;text=Kathrin+Saheb\" target=\"_blank\" rel=\"nofollow\">\n\t\t\t\t\t\t<span class=\"elementor-button-content-wrapper\">\n\t\t\t\t\t\t\t\t\t<span class=\"elementor-button-text\">Al libro<\/span>\n\t\t\t\t\t<\/span>\n\t\t\t\t\t<\/a>\n\t\t\t\t\t\t\t\t<\/div>\n\t\t\t\t\t<\/div>\n\t\t<\/div>\n\t\t\t\t\t<\/div>\n\t\t<\/section>\n\t\t\t\t\t<\/div>\n\t\t<\/div>\n\t\t\t\t\t<\/div>\n\t\t<\/section>\n\t\t\t\t<\/div>\n\t\t","protected":false},"excerpt":{"rendered":"<p>Il libro &#8211; L&#8217;amministrazione snella passo dopo passo &#8220;Lean Administration Step by Step&#8221; \u00e8 rivolto a specialisti e manager che vogliono introdurre un&#8217;amministrazione snella. \u00c8 concepito come un pratico manuale in 2 volumi. Il libro Kathrin Saheb: Lean Administration (ISBN: 978-3-95631-168-0) \u00e8 stato pubblicato da Shaker Media. Viene mostrato passo dopo passo come viene introdotta con successo la Lean Administration. La procedura presentata si basa sui molti anni di pratica dell&#8217;autore come consulente snello. Oltre ai ben noti strumenti e metodi lean, viene posta particolare enfasi sull&#8217;organizzazione dell&#8217;attuazione del progetto e sugli elementi di gestione del cambiamento. Molti esempi pratici e un rapporto sul campo dettagliato sull&#8217;introduzione dell&#8217;amministrazione snella in un sito Alstom AG completano il libro. Moduli, liste di controllo e illustrazioni selezionate saranno presto disponibili sul blog del libro all&#8217;indirizzo www.lean-administration-step-fuer-step.de, cos\u00ec come le informazioni sul seminario del libro. &#8220;Lean Administration Step by Step: Volume 2 &#8211; The Implementation&#8221; \u00e8 ora disponibile nelle librerie (Shaker Media, ISBN:978-3956315602). &#8220;Lean Administration Step by Step: Volume 2 &#8211; The Implementation&#8221; \u00e8 ora disponibile nelle librerie (Shaker Media , ISBN:978-3956315602). Autore: Kathrin SahebGrafico: Paul GiraudLingue: Inglese Al libro<\/p>\n","protected":false},"author":2,"featured_media":0,"parent":0,"menu_order":0,"comment_status":"closed","ping_status":"closed","template":"","meta":{"footnotes":""},"class_list":["post-8658","page","type-page","status-publish","hentry","post-no-thumbnail"],"yoast_head":"<!-- This site is optimized with the Yoast SEO Premium plugin v18.2.1 (Yoast SEO v26.0) - https:\/\/yoast.com\/wordpress\/plugins\/seo\/ -->\n<title>Il libro - Saheb Consulting<\/title>\n<meta name=\"robots\" content=\"index, follow, max-snippet:-1, max-image-preview:large, max-video-preview:-1\" \/>\n<link rel=\"canonical\" href=\"https:\/\/saheb-consulting.de\/das-buch\/\" \/>\n<meta property=\"og:locale\" content=\"it_IT\" \/>\n<meta property=\"og:type\" content=\"article\" \/>\n<meta property=\"og:title\" content=\"Il libro\" \/>\n<meta property=\"og:description\" content=\"Il libro &#8211; L&#8217;amministrazione snella passo dopo passo &#8220;Lean Administration Step by Step&#8221; \u00e8 rivolto a specialisti e manager che vogliono introdurre un&#8217;amministrazione snella. \u00c8 concepito come un pratico manuale in 2 volumi. Il libro Kathrin Saheb: Lean Administration (ISBN: 978-3-95631-168-0) \u00e8 stato pubblicato da Shaker Media. Viene mostrato passo dopo passo come viene introdotta con successo la Lean Administration. La procedura presentata si basa sui molti anni di pratica dell&#8217;autore come consulente snello. Oltre ai ben noti strumenti e metodi lean, viene posta particolare enfasi sull&#8217;organizzazione dell&#8217;attuazione del progetto e sugli elementi di gestione del cambiamento. Molti esempi pratici e un rapporto sul campo dettagliato sull&#8217;introduzione dell&#8217;amministrazione snella in un sito Alstom AG completano il libro. Moduli, liste di controllo e illustrazioni selezionate saranno presto disponibili sul blog del libro all&#8217;indirizzo www.lean-administration-step-fuer-step.de, cos\u00ec come le informazioni sul seminario del libro. &#8220;Lean Administration Step by Step: Volume 2 &#8211; The Implementation&#8221; \u00e8 ora disponibile nelle librerie (Shaker Media, ISBN:978-3956315602). &#8220;Lean Administration Step by Step: Volume 2 &#8211; The Implementation&#8221; \u00e8 ora disponibile nelle librerie (Shaker Media , ISBN:978-3956315602). Autore: Kathrin SahebGrafico: Paul GiraudLingue: Inglese Al libro\" \/>\n<meta property=\"og:url\" content=\"https:\/\/saheb-consulting.de\/das-buch\/\" \/>\n<meta property=\"og:site_name\" content=\"Saheb Consulting\" \/>\n<meta property=\"article:modified_time\" content=\"2022-04-05T22:37:34+00:00\" \/>\n<meta property=\"og:image\" content=\"https:\/\/saheb-consulting.de\/wp-content\/uploads\/2022\/03\/Amazon_Kindle_logo.svg.png\" \/>\n<meta name=\"twitter:card\" content=\"summary_large_image\" \/>\n<meta name=\"twitter:label1\" content=\"Tempo di lettura stimato\" \/>\n\t<meta name=\"twitter:data1\" content=\"1 minuto\" \/>\n<script type=\"application\/ld+json\" class=\"yoast-schema-graph\">{\"@context\":\"https:\/\/schema.org\",\"@graph\":[{\"@type\":\"WebPage\",\"@id\":\"https:\/\/saheb-consulting.de\/das-buch\/\",\"url\":\"https:\/\/saheb-consulting.de\/das-buch\/\",\"name\":\"Il libro - Saheb Consulting\",\"isPartOf\":{\"@id\":\"https:\/\/saheb-consulting.de\/#website\"},\"primaryImageOfPage\":{\"@id\":\"https:\/\/saheb-consulting.de\/das-buch\/#primaryimage\"},\"image\":{\"@id\":\"https:\/\/saheb-consulting.de\/das-buch\/#primaryimage\"},\"thumbnailUrl\":\"https:\/\/saheb-consulting.de\/wp-content\/uploads\/2022\/03\/Amazon_Kindle_logo.svg.png\",\"datePublished\":\"2022-03-24T18:41:39+00:00\",\"dateModified\":\"2022-04-05T22:37:34+00:00\",\"breadcrumb\":{\"@id\":\"https:\/\/saheb-consulting.de\/das-buch\/#breadcrumb\"},\"inLanguage\":\"it-IT\",\"potentialAction\":[{\"@type\":\"ReadAction\",\"target\":[\"https:\/\/saheb-consulting.de\/das-buch\/\"]}]},{\"@type\":\"ImageObject\",\"inLanguage\":\"it-IT\",\"@id\":\"https:\/\/saheb-consulting.de\/das-buch\/#primaryimage\",\"url\":\"https:\/\/saheb-consulting.de\/wp-content\/uploads\/2022\/03\/Amazon_Kindle_logo.svg.png\",\"contentUrl\":\"https:\/\/saheb-consulting.de\/wp-content\/uploads\/2022\/03\/Amazon_Kindle_logo.svg.png\"},{\"@type\":\"BreadcrumbList\",\"@id\":\"https:\/\/saheb-consulting.de\/das-buch\/#breadcrumb\",\"itemListElement\":[{\"@type\":\"ListItem\",\"position\":1,\"name\":\"Home\",\"item\":\"https:\/\/saheb-consulting.de\/\"},{\"@type\":\"ListItem\",\"position\":2,\"name\":\"Il libro\"}]},{\"@type\":\"WebSite\",\"@id\":\"https:\/\/saheb-consulting.de\/#website\",\"url\":\"https:\/\/saheb-consulting.de\/\",\"name\":\"Saheb Consulting\",\"description\":\"Lean Administration f\u00fcr Fach- und F\u00fchrungskr\u00e4fte\",\"potentialAction\":[{\"@type\":\"SearchAction\",\"target\":{\"@type\":\"EntryPoint\",\"urlTemplate\":\"https:\/\/saheb-consulting.de\/?s={search_term_string}\"},\"query-input\":{\"@type\":\"PropertyValueSpecification\",\"valueRequired\":true,\"valueName\":\"search_term_string\"}}],\"inLanguage\":\"it-IT\"}]}<\/script>\n<!-- \/ Yoast SEO Premium plugin. -->","yoast_head_json":{"title":"Il libro - Saheb Consulting","robots":{"index":"index","follow":"follow","max-snippet":"max-snippet:-1","max-image-preview":"max-image-preview:large","max-video-preview":"max-video-preview:-1"},"canonical":"https:\/\/saheb-consulting.de\/das-buch\/","og_locale":"it_IT","og_type":"article","og_title":"Il libro","og_description":"Il libro &#8211; L&#8217;amministrazione snella passo dopo passo &#8220;Lean Administration Step by Step&#8221; \u00e8 rivolto a specialisti e manager che vogliono introdurre un&#8217;amministrazione snella. \u00c8 concepito come un pratico manuale in 2 volumi. Il libro Kathrin Saheb: Lean Administration (ISBN: 978-3-95631-168-0) \u00e8 stato pubblicato da Shaker Media. Viene mostrato passo dopo passo come viene introdotta con successo la Lean Administration. La procedura presentata si basa sui molti anni di pratica dell&#8217;autore come consulente snello. Oltre ai ben noti strumenti e metodi lean, viene posta particolare enfasi sull&#8217;organizzazione dell&#8217;attuazione del progetto e sugli elementi di gestione del cambiamento. Molti esempi pratici e un rapporto sul campo dettagliato sull&#8217;introduzione dell&#8217;amministrazione snella in un sito Alstom AG completano il libro. Moduli, liste di controllo e illustrazioni selezionate saranno presto disponibili sul blog del libro all&#8217;indirizzo www.lean-administration-step-fuer-step.de, cos\u00ec come le informazioni sul seminario del libro. &#8220;Lean Administration Step by Step: Volume 2 &#8211; The Implementation&#8221; \u00e8 ora disponibile nelle librerie (Shaker Media, ISBN:978-3956315602). &#8220;Lean Administration Step by Step: Volume 2 &#8211; The Implementation&#8221; \u00e8 ora disponibile nelle librerie (Shaker Media , ISBN:978-3956315602). Autore: Kathrin SahebGrafico: Paul GiraudLingue: Inglese Al libro","og_url":"https:\/\/saheb-consulting.de\/das-buch\/","og_site_name":"Saheb Consulting","article_modified_time":"2022-04-05T22:37:34+00:00","og_image":[{"url":"https:\/\/saheb-consulting.de\/wp-content\/uploads\/2022\/03\/Amazon_Kindle_logo.svg.png","type":"","width":"","height":""}],"twitter_card":"summary_large_image","twitter_misc":{"Tempo di lettura stimato":"1 minuto"},"schema":{"@context":"https:\/\/schema.org","@graph":[{"@type":"WebPage","@id":"https:\/\/saheb-consulting.de\/das-buch\/","url":"https:\/\/saheb-consulting.de\/das-buch\/","name":"Il libro - Saheb Consulting","isPartOf":{"@id":"https:\/\/saheb-consulting.de\/#website"},"primaryImageOfPage":{"@id":"https:\/\/saheb-consulting.de\/das-buch\/#primaryimage"},"image":{"@id":"https:\/\/saheb-consulting.de\/das-buch\/#primaryimage"},"thumbnailUrl":"https:\/\/saheb-consulting.de\/wp-content\/uploads\/2022\/03\/Amazon_Kindle_logo.svg.png","datePublished":"2022-03-24T18:41:39+00:00","dateModified":"2022-04-05T22:37:34+00:00","breadcrumb":{"@id":"https:\/\/saheb-consulting.de\/das-buch\/#breadcrumb"},"inLanguage":"it-IT","potentialAction":[{"@type":"ReadAction","target":["https:\/\/saheb-consulting.de\/das-buch\/"]}]},{"@type":"ImageObject","inLanguage":"it-IT","@id":"https:\/\/saheb-consulting.de\/das-buch\/#primaryimage","url":"https:\/\/saheb-consulting.de\/wp-content\/uploads\/2022\/03\/Amazon_Kindle_logo.svg.png","contentUrl":"https:\/\/saheb-consulting.de\/wp-content\/uploads\/2022\/03\/Amazon_Kindle_logo.svg.png"},{"@type":"BreadcrumbList","@id":"https:\/\/saheb-consulting.de\/das-buch\/#breadcrumb","itemListElement":[{"@type":"ListItem","position":1,"name":"Home","item":"https:\/\/saheb-consulting.de\/"},{"@type":"ListItem","position":2,"name":"Il libro"}]},{"@type":"WebSite","@id":"https:\/\/saheb-consulting.de\/#website","url":"https:\/\/saheb-consulting.de\/","name":"Saheb Consulting","description":"Lean Administration f\u00fcr Fach- und F\u00fchrungskr\u00e4fte","potentialAction":[{"@type":"SearchAction","target":{"@type":"EntryPoint","urlTemplate":"https:\/\/saheb-consulting.de\/?s={search_term_string}"},"query-input":{"@type":"PropertyValueSpecification","valueRequired":true,"valueName":"search_term_string"}}],"inLanguage":"it-IT"}]}},"_links":{"self":[{"href":"https:\/\/saheb-consulting.de\/it\/wp-json\/wp\/v2\/pages\/8658","targetHints":{"allow":["GET"]}}],"collection":[{"href":"https:\/\/saheb-consulting.de\/it\/wp-json\/wp\/v2\/pages"}],"about":[{"href":"https:\/\/saheb-consulting.de\/it\/wp-json\/wp\/v2\/types\/page"}],"author":[{"embeddable":true,"href":"https:\/\/saheb-consulting.de\/it\/wp-json\/wp\/v2\/users\/2"}],"replies":[{"embeddable":true,"href":"https:\/\/saheb-consulting.de\/it\/wp-json\/wp\/v2\/comments?post=8658"}],"version-history":[{"count":11,"href":"https:\/\/saheb-consulting.de\/it\/wp-json\/wp\/v2\/pages\/8658\/revisions"}],"predecessor-version":[{"id":9426,"href":"https:\/\/saheb-consulting.de\/it\/wp-json\/wp\/v2\/pages\/8658\/revisions\/9426"}],"wp:attachment":[{"href":"https:\/\/saheb-consulting.de\/it\/wp-json\/wp\/v2\/media?parent=8658"}],"curies":[{"name":"wp","href":"https:\/\/api.w.org\/{rel}","templated":true}]}}