{"id":9296,"date":"2022-03-24T20:37:45","date_gmt":"2022-03-24T19:37:45","guid":{"rendered":"https:\/\/saheb-consulting.de\/impressum\/"},"modified":"2022-04-06T00:53:34","modified_gmt":"2022-04-05T23:53:34","slug":"imprint","status":"publish","type":"page","link":"https:\/\/saheb-consulting.de\/en\/imprint\/","title":{"rendered":"imprint"},"content":{"rendered":"\t\t<div data-elementor-type=\"wp-page\" data-elementor-id=\"9296\" class=\"elementor elementor-9296 elementor-6416\" data-elementor-post-type=\"page\">\n\t\t\t\t\t\t<section class=\"elementor-section elementor-top-section elementor-element elementor-element-0ccaf09 elementor-section-boxed elementor-section-gap-beside-yes elementor-section-height-default elementor-section-height-default elementor-section-column-vertical-align-stretch\" data-id=\"0ccaf09\" data-element_type=\"section\">\n\t\t\t\t\t\t<div class=\"elementor-container elementor-column-gap-extended\">\n\t\t\t\t\t<div class=\"elementor-column elementor-col-100 elementor-top-column elementor-element elementor-element-c082174\" data-id=\"c082174\" data-element_type=\"column\">\n\t\t\t<div class=\"elementor-widget-wrap elementor-element-populated\">\n\t\t\t\t\t\t<div class=\"elementor-element elementor-element-42cba74 elementor-widget elementor-widget-text-editor\" data-id=\"42cba74\" data-element_type=\"widget\" data-widget_type=\"text-editor.default\">\n\t\t\t\t\t\t\t\t\t<p><strong>Information according to \u00a7 5 TMG (German Law):<\/strong><\/p><p><strong>Saheb Consulting UG<\/strong> (limited liability)<\/p><p>Koepenicker Landstrasse 254<br \/>12437 Berlin<\/p><p><strong>Managing Director:<\/strong> Kathrin Saheb<\/p><p><strong>VAT identification number:<\/strong> DE350701174<\/p><p><strong>District Court:<\/strong> Charlottenburg (to HRB 237911B)<br \/><strong>Commercial register:<\/strong> Hardenbergstr. 31, 10623 Berlin<br \/><strong>Register of associations:<\/strong> Amtsgerichtsplatz 1, 14057 Berlin<\/p><p><strong>Tel:<\/strong> +49 (0)162 6 64 85 75<\/p><p><strong>Web:<\/strong> www.saheb-consulting.de<br \/><strong>Email:<\/strong> info@saheb-consulting.de<\/p><p>The use of the images, music, videos and the texts available on this website, whether in whole or in part, requires our prior written consent. We reserve all other rights.<\/p><p><strong>Disclaimer<\/strong><\/p><ol><li>Content of the online offer<\/li><\/ol><p>The author assumes no liability for the topicality, correctness, completeness or quality of the information provided. Liability claims against the author relating to material or immaterial damage caused by the use or non-use of the information provided or by the use of incorrect or incomplete information are excluded in principle, provided that there is no demonstrable fault of an intentional or grossly negligent nature on the part of the author present. All offers are non-binding. The author expressly reserves the right to change, supplement or delete parts of the pages or the entire offer or to temporarily or permanently cease publication without prior notice.<\/p><ol start=\"2\"><li>References and links<\/li><\/ol><p>If direct or indirect reference is made to reference targets (&#8220;links&#8221;) that lie outside the author&#8217;s area of \u200b\u200bresponsibility, the author is only liable if he is aware of the content and it would be technically possible and reasonable for him to use it in the event of illegal content impede. The provider of the page to which reference was made is solely liable for content that goes beyond this and in particular for damage resulting from the use or non-use of such information, not the person who merely refers to the respective publication via links. This restriction also applies to third-party entries in guest books, discussion forums and mailing lists set up by the author.<\/p><ol start=\"3\"><li>Copyright<\/li><\/ol><p>The author endeavors to observe the copyrights of the graphics, sound documents, video sequences and texts used in all publications, to use graphics, sound documents, video sequences and texts he has created himself or to use license-free graphics, sound documents, video sequences and texts. The copyright for published objects created by the author himself remains solely with the author of the pages. Reproduction or use of such graphics, sound documents, video sequences and texts in other electronic or printed publications is not permitted without the express consent of the author.<\/p><ol start=\"4\"><li>Legal validity of this disclaimer<\/li><\/ol><p>This disclaimer is to be regarded as part of the internet offer from which reference was made to this page. If parts or individual formulations of this text do not, no longer or not completely correspond to the applicable legal situation, the remaining parts of the document remain unaffected in their content and validity.<\/p>\t\t\t\t\t\t\t\t<\/div>\n\t\t\t\t\t<\/div>\n\t\t<\/div>\n\t\t\t\t\t<\/div>\n\t\t<\/section>\n\t\t\t\t<\/div>\n\t\t","protected":false},"excerpt":{"rendered":"<p>Information according to \u00a7 5 TMG (German Law): Saheb Consulting UG (limited liability) Koepenicker Landstrasse 25412437 Berlin Managing Director: Kathrin Saheb VAT identification number: DE350701174 District Court: Charlottenburg (to HRB 237911B)Commercial register: Hardenbergstr. 31, 10623 BerlinRegister of associations: Amtsgerichtsplatz 1, 14057 Berlin Tel: +49 (0)162 6 64 85 75 Web: www.saheb-consulting.deEmail: info@saheb-consulting.de The use of the images, music, videos and the texts available on this website, whether in whole or in part, requires our prior written consent. We reserve all other rights. Disclaimer Content of the online offer The author assumes no liability for the topicality, correctness, completeness or quality of the information provided. Liability claims against the author relating to material or immaterial damage caused by the use or non-use of the information provided or by the use of incorrect or incomplete information are excluded in principle, provided that there is no demonstrable fault of an intentional or grossly negligent nature on the part of the author present. All offers are non-binding. The author expressly reserves the right to change, supplement or delete parts of the pages or the entire offer or to temporarily or permanently cease publication without prior notice. References and links If direct or indirect reference is made to reference targets (&#8220;links&#8221;) that lie outside the author&#8217;s area of \u200b\u200bresponsibility, the author is only liable if he is aware of the content and it would be technically possible and reasonable for him to use it in the event of illegal content impede. The provider of the page to which reference was made is solely liable for content that goes beyond this and in particular for damage resulting from the use or non-use of such information, not the person who merely refers to the respective publication via links. This restriction also applies to third-party entries in guest books, discussion forums and mailing lists set up by the author. Copyright The author endeavors to observe the copyrights of the graphics, sound documents, video sequences and texts used in all publications, to use graphics, sound documents, video sequences and texts he has created himself or to use license-free graphics, sound documents, video sequences and texts. The copyright for published objects created by the author himself remains solely with the author of the pages. Reproduction or use of such graphics, sound documents, video sequences and texts in other electronic or printed publications is not permitted without the express consent of the author. Legal validity of this disclaimer This disclaimer is to be regarded as part of the internet offer from which reference was made to this page. If parts or individual formulations of this text do not, no longer or not completely correspond to the applicable legal situation, the remaining parts of the document remain unaffected in their content and validity.<\/p>\n","protected":false},"author":2,"featured_media":0,"parent":0,"menu_order":0,"comment_status":"closed","ping_status":"closed","template":"","meta":{"footnotes":""},"class_list":["post-9296","page","type-page","status-publish","hentry","post-no-thumbnail"],"yoast_head":"<!-- This site is optimized with the Yoast SEO Premium plugin v18.2.1 (Yoast SEO v26.0) - https:\/\/yoast.com\/wordpress\/plugins\/seo\/ -->\n<title>imprint - Saheb Consulting<\/title>\n<meta name=\"robots\" content=\"noindex, nofollow\" \/>\n<meta property=\"og:locale\" content=\"en_US\" \/>\n<meta property=\"og:type\" content=\"article\" \/>\n<meta property=\"og:title\" content=\"imprint\" \/>\n<meta property=\"og:description\" content=\"Information according to \u00a7 5 TMG (German Law): Saheb Consulting UG (limited liability) Koepenicker Landstrasse 25412437 Berlin Managing Director: Kathrin Saheb VAT identification number: DE350701174 District Court: Charlottenburg (to HRB 237911B)Commercial register: Hardenbergstr. 31, 10623 BerlinRegister of associations: Amtsgerichtsplatz 1, 14057 Berlin Tel: +49 (0)162 6 64 85 75 Web: www.saheb-consulting.deEmail: info@saheb-consulting.de The use of the images, music, videos and the texts available on this website, whether in whole or in part, requires our prior written consent. We reserve all other rights. Disclaimer Content of the online offer The author assumes no liability for the topicality, correctness, completeness or quality of the information provided. Liability claims against the author relating to material or immaterial damage caused by the use or non-use of the information provided or by the use of incorrect or incomplete information are excluded in principle, provided that there is no demonstrable fault of an intentional or grossly negligent nature on the part of the author present. All offers are non-binding. The author expressly reserves the right to change, supplement or delete parts of the pages or the entire offer or to temporarily or permanently cease publication without prior notice. References and links If direct or indirect reference is made to reference targets (&#8220;links&#8221;) that lie outside the author&#8217;s area of \u200b\u200bresponsibility, the author is only liable if he is aware of the content and it would be technically possible and reasonable for him to use it in the event of illegal content impede. The provider of the page to which reference was made is solely liable for content that goes beyond this and in particular for damage resulting from the use or non-use of such information, not the person who merely refers to the respective publication via links. This restriction also applies to third-party entries in guest books, discussion forums and mailing lists set up by the author. Copyright The author endeavors to observe the copyrights of the graphics, sound documents, video sequences and texts used in all publications, to use graphics, sound documents, video sequences and texts he has created himself or to use license-free graphics, sound documents, video sequences and texts. The copyright for published objects created by the author himself remains solely with the author of the pages. Reproduction or use of such graphics, sound documents, video sequences and texts in other electronic or printed publications is not permitted without the express consent of the author. Legal validity of this disclaimer This disclaimer is to be regarded as part of the internet offer from which reference was made to this page. If parts or individual formulations of this text do not, no longer or not completely correspond to the applicable legal situation, the remaining parts of the document remain unaffected in their content and validity.\" \/>\n<meta property=\"og:url\" content=\"https:\/\/saheb-consulting.de\/impressum\/\" \/>\n<meta property=\"og:site_name\" content=\"Saheb Consulting\" \/>\n<meta property=\"article:modified_time\" content=\"2022-04-05T23:53:34+00:00\" \/>\n<meta name=\"twitter:card\" content=\"summary_large_image\" \/>\n<meta name=\"twitter:label1\" content=\"Est. reading time\" \/>\n\t<meta name=\"twitter:data1\" content=\"3 minutes\" \/>\n<script type=\"application\/ld+json\" class=\"yoast-schema-graph\">{\"@context\":\"https:\/\/schema.org\",\"@graph\":[{\"@type\":\"WebPage\",\"@id\":\"https:\/\/saheb-consulting.de\/impressum\/\",\"url\":\"https:\/\/saheb-consulting.de\/impressum\/\",\"name\":\"imprint - Saheb Consulting\",\"isPartOf\":{\"@id\":\"https:\/\/saheb-consulting.de\/#website\"},\"datePublished\":\"2022-03-24T19:37:45+00:00\",\"dateModified\":\"2022-04-05T23:53:34+00:00\",\"breadcrumb\":{\"@id\":\"https:\/\/saheb-consulting.de\/impressum\/#breadcrumb\"},\"inLanguage\":\"en-US\",\"potentialAction\":[{\"@type\":\"ReadAction\",\"target\":[\"https:\/\/saheb-consulting.de\/impressum\/\"]}]},{\"@type\":\"BreadcrumbList\",\"@id\":\"https:\/\/saheb-consulting.de\/impressum\/#breadcrumb\",\"itemListElement\":[{\"@type\":\"ListItem\",\"position\":1,\"name\":\"Home\",\"item\":\"https:\/\/saheb-consulting.de\/en\/\"},{\"@type\":\"ListItem\",\"position\":2,\"name\":\"imprint\"}]},{\"@type\":\"WebSite\",\"@id\":\"https:\/\/saheb-consulting.de\/#website\",\"url\":\"https:\/\/saheb-consulting.de\/\",\"name\":\"Saheb Consulting\",\"description\":\"Lean Administration f\u00fcr Fach- und F\u00fchrungskr\u00e4fte\",\"potentialAction\":[{\"@type\":\"SearchAction\",\"target\":{\"@type\":\"EntryPoint\",\"urlTemplate\":\"https:\/\/saheb-consulting.de\/?s={search_term_string}\"},\"query-input\":{\"@type\":\"PropertyValueSpecification\",\"valueRequired\":true,\"valueName\":\"search_term_string\"}}],\"inLanguage\":\"en-US\"}]}<\/script>\n<!-- \/ Yoast SEO Premium plugin. -->","yoast_head_json":{"title":"imprint - Saheb Consulting","robots":{"index":"noindex","follow":"nofollow"},"og_locale":"en_US","og_type":"article","og_title":"imprint","og_description":"Information according to \u00a7 5 TMG (German Law): Saheb Consulting UG (limited liability) Koepenicker Landstrasse 25412437 Berlin Managing Director: Kathrin Saheb VAT identification number: DE350701174 District Court: Charlottenburg (to HRB 237911B)Commercial register: Hardenbergstr. 31, 10623 BerlinRegister of associations: Amtsgerichtsplatz 1, 14057 Berlin Tel: +49 (0)162 6 64 85 75 Web: www.saheb-consulting.deEmail: info@saheb-consulting.de The use of the images, music, videos and the texts available on this website, whether in whole or in part, requires our prior written consent. We reserve all other rights. Disclaimer Content of the online offer The author assumes no liability for the topicality, correctness, completeness or quality of the information provided. Liability claims against the author relating to material or immaterial damage caused by the use or non-use of the information provided or by the use of incorrect or incomplete information are excluded in principle, provided that there is no demonstrable fault of an intentional or grossly negligent nature on the part of the author present. All offers are non-binding. The author expressly reserves the right to change, supplement or delete parts of the pages or the entire offer or to temporarily or permanently cease publication without prior notice. References and links If direct or indirect reference is made to reference targets (&#8220;links&#8221;) that lie outside the author&#8217;s area of \u200b\u200bresponsibility, the author is only liable if he is aware of the content and it would be technically possible and reasonable for him to use it in the event of illegal content impede. The provider of the page to which reference was made is solely liable for content that goes beyond this and in particular for damage resulting from the use or non-use of such information, not the person who merely refers to the respective publication via links. This restriction also applies to third-party entries in guest books, discussion forums and mailing lists set up by the author. Copyright The author endeavors to observe the copyrights of the graphics, sound documents, video sequences and texts used in all publications, to use graphics, sound documents, video sequences and texts he has created himself or to use license-free graphics, sound documents, video sequences and texts. The copyright for published objects created by the author himself remains solely with the author of the pages. Reproduction or use of such graphics, sound documents, video sequences and texts in other electronic or printed publications is not permitted without the express consent of the author. Legal validity of this disclaimer This disclaimer is to be regarded as part of the internet offer from which reference was made to this page. If parts or individual formulations of this text do not, no longer or not completely correspond to the applicable legal situation, the remaining parts of the document remain unaffected in their content and validity.","og_url":"https:\/\/saheb-consulting.de\/impressum\/","og_site_name":"Saheb Consulting","article_modified_time":"2022-04-05T23:53:34+00:00","twitter_card":"summary_large_image","twitter_misc":{"Est. reading time":"3 minutes"},"schema":{"@context":"https:\/\/schema.org","@graph":[{"@type":"WebPage","@id":"https:\/\/saheb-consulting.de\/impressum\/","url":"https:\/\/saheb-consulting.de\/impressum\/","name":"imprint - Saheb Consulting","isPartOf":{"@id":"https:\/\/saheb-consulting.de\/#website"},"datePublished":"2022-03-24T19:37:45+00:00","dateModified":"2022-04-05T23:53:34+00:00","breadcrumb":{"@id":"https:\/\/saheb-consulting.de\/impressum\/#breadcrumb"},"inLanguage":"en-US","potentialAction":[{"@type":"ReadAction","target":["https:\/\/saheb-consulting.de\/impressum\/"]}]},{"@type":"BreadcrumbList","@id":"https:\/\/saheb-consulting.de\/impressum\/#breadcrumb","itemListElement":[{"@type":"ListItem","position":1,"name":"Home","item":"https:\/\/saheb-consulting.de\/en\/"},{"@type":"ListItem","position":2,"name":"imprint"}]},{"@type":"WebSite","@id":"https:\/\/saheb-consulting.de\/#website","url":"https:\/\/saheb-consulting.de\/","name":"Saheb Consulting","description":"Lean Administration f\u00fcr Fach- und F\u00fchrungskr\u00e4fte","potentialAction":[{"@type":"SearchAction","target":{"@type":"EntryPoint","urlTemplate":"https:\/\/saheb-consulting.de\/?s={search_term_string}"},"query-input":{"@type":"PropertyValueSpecification","valueRequired":true,"valueName":"search_term_string"}}],"inLanguage":"en-US"}]}},"_links":{"self":[{"href":"https:\/\/saheb-consulting.de\/en\/wp-json\/wp\/v2\/pages\/9296","targetHints":{"allow":["GET"]}}],"collection":[{"href":"https:\/\/saheb-consulting.de\/en\/wp-json\/wp\/v2\/pages"}],"about":[{"href":"https:\/\/saheb-consulting.de\/en\/wp-json\/wp\/v2\/types\/page"}],"author":[{"embeddable":true,"href":"https:\/\/saheb-consulting.de\/en\/wp-json\/wp\/v2\/users\/2"}],"replies":[{"embeddable":true,"href":"https:\/\/saheb-consulting.de\/en\/wp-json\/wp\/v2\/comments?post=9296"}],"version-history":[{"count":8,"href":"https:\/\/saheb-consulting.de\/en\/wp-json\/wp\/v2\/pages\/9296\/revisions"}],"predecessor-version":[{"id":9458,"href":"https:\/\/saheb-consulting.de\/en\/wp-json\/wp\/v2\/pages\/9296\/revisions\/9458"}],"wp:attachment":[{"href":"https:\/\/saheb-consulting.de\/en\/wp-json\/wp\/v2\/media?parent=9296"}],"curies":[{"name":"wp","href":"https:\/\/api.w.org\/{rel}","templated":true}]}}