{"id":9046,"date":"2022-03-24T22:50:18","date_gmt":"2022-03-24T21:50:18","guid":{"rendered":"https:\/\/saheb-consulting.de\/news-presse\/"},"modified":"2022-04-05T00:16:15","modified_gmt":"2022-04-04T23:16:15","slug":"news","status":"publish","type":"page","link":"https:\/\/saheb-consulting.de\/en\/news\/","title":{"rendered":"News"},"content":{"rendered":"\t\t<div data-elementor-type=\"wp-page\" data-elementor-id=\"9046\" class=\"elementor elementor-9046 elementor-6451\" data-elementor-post-type=\"page\">\n\t\t\t\t\t\t<section class=\"elementor-section elementor-top-section elementor-element elementor-element-0ccaf09 elementor-section-boxed elementor-section-gap-beside-yes elementor-section-height-default elementor-section-height-default elementor-section-column-vertical-align-stretch\" data-id=\"0ccaf09\" data-element_type=\"section\">\n\t\t\t\t\t\t<div class=\"elementor-container elementor-column-gap-extended\">\n\t\t\t\t\t<div class=\"elementor-column elementor-col-100 elementor-top-column elementor-element elementor-element-c082174\" data-id=\"c082174\" data-element_type=\"column\">\n\t\t\t<div class=\"elementor-widget-wrap elementor-element-populated\">\n\t\t\t\t\t\t<div class=\"elementor-element elementor-element-6d40c776 elementor-widget elementor-widget-tm-portfolio\" data-id=\"6d40c776\" data-element_type=\"widget\" data-settings=\"{&quot;grid_columns&quot;:1,&quot;grid_columns_tablet&quot;:2,&quot;grid_columns_mobile&quot;:1}\" data-widget_type=\"tm-portfolio.default\">\n\t\t\t\t<div class=\"elementor-widget-container\">\n\t\t\t\t\t\t\t<div class=\"edumall-grid-wrapper tm-portfolio style-grid filter-style-01 portfolio-caption-style-01\" data-grid=\"{&quot;type&quot;:&quot;grid&quot;,&quot;columns&quot;:1,&quot;columnsTablet&quot;:2,&quot;columnsMobile&quot;:1,&quot;gutter&quot;:30}\">\n\t\t\t\n\t\t\t\t\t\t\t\t<input type=\"hidden\" class=\"edumall-query-input\" value=\"{&quot;source&quot;:&quot;custom_query&quot;,&quot;action&quot;:&quot;portfolio_infinite_load&quot;,&quot;max_num_pages&quot;:1,&quot;found_posts&quot;:1,&quot;count&quot;:1,&quot;query_vars&quot;:{&quot;post_type&quot;:&quot;portfolio&quot;,&quot;posts_per_page&quot;:4,&quot;orderby&quot;:&quot;date&quot;,&quot;order&quot;:&quot;DESC&quot;,&quot;post_status&quot;:&quot;publish&quot;,&quot;tax_query&quot;:[{&quot;taxonomy&quot;:&quot;portfolio_category&quot;,&quot;field&quot;:&quot;slug&quot;,&quot;terms&quot;:[&quot;news&quot;]}],&quot;paged&quot;:1},&quot;settings&quot;:{&quot;show_caption&quot;:&quot;yes&quot;,&quot;show_caption_category&quot;:&quot;&quot;,&quot;show_caption_excerpt&quot;:&quot;yes&quot;,&quot;excerpt_length&quot;:500,&quot;thumbnail_default_size&quot;:&quot;&quot;,&quot;grid_columns&quot;:1,&quot;grid_metro_layout&quot;:null,&quot;box_box_shadow_box_shadow_type&quot;:&quot;yes&quot;,&quot;box_box_shadow_box_shadow&quot;:{&quot;horizontal&quot;:0,&quot;vertical&quot;:0,&quot;blur&quot;:4,&quot;spread&quot;:0,&quot;color&quot;:&quot;rgba(0, 0, 0, 0.1)&quot;},&quot;query_include&quot;:[&quot;terms&quot;,&quot;authors&quot;],&quot;query_include_term_ids&quot;:[&quot;348&quot;],&quot;query_number&quot;:4,&quot;pagination_type&quot;:&quot;load-more&quot;,&quot;box_background_background&quot;:&quot;classic&quot;,&quot;box_background_color&quot;:&quot;#F8F8F8&quot;,&quot;layout&quot;:&quot;grid&quot;,&quot;zigzag_height&quot;:null,&quot;zigzag_reversed&quot;:null,&quot;hover_effect&quot;:&quot;&quot;,&quot;overlay_style&quot;:&quot;&quot;,&quot;caption_style&quot;:&quot;01&quot;,&quot;metro_image_size_width&quot;:null,&quot;metro_image_ratio&quot;:null,&quot;thumbnail_size&quot;:&quot;full&quot;,&quot;thumbnail_custom_dimension&quot;:null,&quot;grid_columns_tablet&quot;:2,&quot;grid_columns_mobile&quot;:1,&quot;grid_gutter&quot;:30,&quot;filter_enable&quot;:&quot;&quot;,&quot;filter_style&quot;:&quot;01&quot;,&quot;filter_counter&quot;:&quot;&quot;,&quot;filter_in_grid&quot;:&quot;&quot;,&quot;pagination_custom_button_id&quot;:null,&quot;box_background_color_b&quot;:null,&quot;box_background_image&quot;:{&quot;url&quot;:&quot;&quot;,&quot;id&quot;:&quot;&quot;,&quot;size&quot;:&quot;&quot;},&quot;box_background_video_link&quot;:null,&quot;box_background_video_start&quot;:null,&quot;box_background_video_end&quot;:null,&quot;box_background_play_once&quot;:null,&quot;box_background_play_on_mobile&quot;:null,&quot;box_background_privacy_mode&quot;:null,&quot;box_background_slideshow_gallery&quot;:null,&quot;box_background_slideshow_loop&quot;:null,&quot;box_background_slideshow_slide_duration&quot;:null,&quot;box_background_slideshow_slide_transition&quot;:null,&quot;box_background_slideshow_transition_duration&quot;:null,&quot;box_background_slideshow_lazyload&quot;:null,&quot;box_background_slideshow_ken_burns&quot;:null,&quot;box_background_slideshow_ken_burns_zoom_direction&quot;:null,&quot;box_hover_background_color&quot;:null,&quot;box_hover_background_color_b&quot;:null,&quot;box_hover_background_image&quot;:null,&quot;box_hover_background_video_link&quot;:null,&quot;box_hover_background_video_start&quot;:null,&quot;box_hover_background_video_end&quot;:null,&quot;box_hover_background_play_once&quot;:null,&quot;box_hover_background_play_on_mobile&quot;:null,&quot;box_hover_background_privacy_mode&quot;:null,&quot;box_hover_background_slideshow_gallery&quot;:null,&quot;box_hover_background_slideshow_loop&quot;:null,&quot;box_hover_background_slideshow_slide_duration&quot;:null,&quot;box_hover_background_slideshow_slide_transition&quot;:null,&quot;box_hover_background_slideshow_transition_duration&quot;:null,&quot;box_hover_background_slideshow_lazyload&quot;:null,&quot;box_hover_background_slideshow_ken_burns&quot;:null,&quot;box_hover_background_slideshow_ken_burns_zoom_direction&quot;:null,&quot;overlay_background_color&quot;:null,&quot;overlay_background_color_b&quot;:null,&quot;overlay_background_image&quot;:null,&quot;overlay_background_video_link&quot;:null,&quot;overlay_background_video_start&quot;:null,&quot;overlay_background_video_end&quot;:null,&quot;overlay_background_play_once&quot;:null,&quot;overlay_background_play_on_mobile&quot;:null,&quot;overlay_background_privacy_mode&quot;:null,&quot;overlay_background_slideshow_gallery&quot;:null,&quot;overlay_background_slideshow_loop&quot;:null,&quot;overlay_background_slideshow_slide_duration&quot;:null,&quot;overlay_background_slideshow_slide_transition&quot;:null,&quot;overlay_background_slideshow_transition_duration&quot;:null,&quot;overlay_background_slideshow_lazyload&quot;:null,&quot;overlay_background_slideshow_ken_burns&quot;:null,&quot;overlay_background_slideshow_ken_burns_zoom_direction&quot;:null,&quot;query_source&quot;:&quot;custom_query&quot;,&quot;query_include_authors&quot;:[],&quot;query_exclude&quot;:&quot;&quot;,&quot;query_exclude_term_ids&quot;:null,&quot;query_exclude_authors&quot;:null,&quot;query_offset&quot;:&quot;&quot;,&quot;query_orderby&quot;:&quot;date&quot;,&quot;query_sort_meta_key&quot;:null,&quot;query_order&quot;:&quot;DESC&quot;,&quot;_title&quot;:&quot;&quot;,&quot;_element_width&quot;:&quot;&quot;,&quot;_element_width_tablet&quot;:&quot;&quot;,&quot;_element_width_mobile&quot;:&quot;&quot;,&quot;_position&quot;:&quot;&quot;,&quot;_element_id&quot;:&quot;&quot;,&quot;_css_classes&quot;:&quot;&quot;,&quot;e_display_conditions&quot;:&quot;&quot;,&quot;_element_cache&quot;:&quot;&quot;,&quot;motion_fx_motion_fx_scrolling&quot;:&quot;&quot;,&quot;motion_fx_translateY_effect&quot;:null,&quot;motion_fx_translateY_direction&quot;:null,&quot;motion_fx_translateY_speed&quot;:null,&quot;motion_fx_translateY_affectedRange&quot;:null,&quot;motion_fx_translateX_effect&quot;:null,&quot;motion_fx_translateX_direction&quot;:null,&quot;motion_fx_translateX_speed&quot;:null,&quot;motion_fx_translateX_affectedRange&quot;:null,&quot;motion_fx_opacity_effect&quot;:null,&quot;motion_fx_opacity_direction&quot;:null,&quot;motion_fx_opacity_level&quot;:null,&quot;motion_fx_opacity_range&quot;:null,&quot;motion_fx_blur_effect&quot;:null,&quot;motion_fx_blur_direction&quot;:null,&quot;motion_fx_blur_level&quot;:null,&quot;motion_fx_blur_range&quot;:null,&quot;motion_fx_rotateZ_effect&quot;:null,&quot;motion_fx_rotateZ_direction&quot;:null,&quot;motion_fx_rotateZ_speed&quot;:null,&quot;motion_fx_rotateZ_affectedRange&quot;:null,&quot;motion_fx_scale_effect&quot;:null,&quot;motion_fx_scale_direction&quot;:null,&quot;motion_fx_scale_speed&quot;:null,&quot;motion_fx_scale_range&quot;:null,&quot;motion_fx_devices&quot;:null,&quot;motion_fx_range&quot;:null,&quot;motion_fx_motion_fx_mouse&quot;:&quot;&quot;,&quot;motion_fx_mouseTrack_effect&quot;:null,&quot;motion_fx_mouseTrack_direction&quot;:null,&quot;motion_fx_mouseTrack_speed&quot;:null,&quot;motion_fx_tilt_effect&quot;:null,&quot;motion_fx_tilt_direction&quot;:null,&quot;motion_fx_tilt_speed&quot;:null,&quot;handle_motion_fx_asset_loading&quot;:&quot;&quot;,&quot;sticky&quot;:&quot;&quot;,&quot;sticky_on&quot;:null,&quot;sticky_offset&quot;:null,&quot;sticky_offset_tablet&quot;:null,&quot;sticky_offset_mobile&quot;:null,&quot;sticky_effects_offset&quot;:null,&quot;sticky_effects_offset_tablet&quot;:null,&quot;sticky_effects_offset_mobile&quot;:null,&quot;sticky_anchor_link_offset&quot;:null,&quot;sticky_anchor_link_offset_tablet&quot;:null,&quot;sticky_anchor_link_offset_mobile&quot;:null,&quot;sticky_parent&quot;:null,&quot;_animation&quot;:&quot;&quot;,&quot;_animation_tablet&quot;:&quot;&quot;,&quot;_animation_mobile&quot;:&quot;&quot;,&quot;animation_duration&quot;:null,&quot;_animation_delay&quot;:null,&quot;_transform_rotate_popover&quot;:&quot;&quot;,&quot;_transform_rotateZ_effect&quot;:null,&quot;_transform_rotateZ_effect_tablet&quot;:null,&quot;_transform_rotateZ_effect_mobile&quot;:null,&quot;_transform_rotate_3d&quot;:null,&quot;_transform_rotateX_effect&quot;:null,&quot;_transform_rotateX_effect_tablet&quot;:null,&quot;_transform_rotateX_effect_mobile&quot;:null,&quot;_transform_rotateY_effect&quot;:null,&quot;_transform_rotateY_effect_tablet&quot;:null,&quot;_transform_rotateY_effect_mobile&quot;:null,&quot;_transform_perspective_effect&quot;:null,&quot;_transform_perspective_effect_tablet&quot;:null,&quot;_transform_perspective_effect_mobile&quot;:null,&quot;_transform_translate_popover&quot;:&quot;&quot;,&quot;_transform_translateX_effect&quot;:null,&quot;_transform_translateX_effect_tablet&quot;:null,&quot;_transform_translateX_effect_mobile&quot;:null,&quot;_transform_translateY_effect&quot;:null,&quot;_transform_translateY_effect_tablet&quot;:null,&quot;_transform_translateY_effect_mobile&quot;:null,&quot;_transform_scale_popover&quot;:&quot;&quot;,&quot;_transform_keep_proportions&quot;:&quot;yes&quot;,&quot;_transform_scale_effect&quot;:null,&quot;_transform_scale_effect_tablet&quot;:null,&quot;_transform_scale_effect_mobile&quot;:null,&quot;_transform_scaleX_effect&quot;:null,&quot;_transform_scaleX_effect_tablet&quot;:null,&quot;_transform_scaleX_effect_mobile&quot;:null,&quot;_transform_scaleY_effect&quot;:null,&quot;_transform_scaleY_effect_tablet&quot;:null,&quot;_transform_scaleY_effect_mobile&quot;:null,&quot;_transform_skew_popover&quot;:&quot;&quot;,&quot;_transform_skewX_effect&quot;:null,&quot;_transform_skewX_effect_tablet&quot;:null,&quot;_transform_skewX_effect_mobile&quot;:null,&quot;_transform_skewY_effect&quot;:null,&quot;_transform_skewY_effect_tablet&quot;:null,&quot;_transform_skewY_effect_mobile&quot;:null,&quot;_transform_flipX_effect&quot;:&quot;&quot;,&quot;_transform_flipY_effect&quot;:&quot;&quot;,&quot;_transform_rotate_popover_hover&quot;:&quot;&quot;,&quot;_transform_rotateZ_effect_hover&quot;:null,&quot;_transform_rotateZ_effect_hover_tablet&quot;:null,&quot;_transform_rotateZ_effect_hover_mobile&quot;:null,&quot;_transform_rotate_3d_hover&quot;:null,&quot;_transform_rotateX_effect_hover&quot;:null,&quot;_transform_rotateX_effect_hover_tablet&quot;:null,&quot;_transform_rotateX_effect_hover_mobile&quot;:null,&quot;_transform_rotateY_effect_hover&quot;:null,&quot;_transform_rotateY_effect_hover_tablet&quot;:null,&quot;_transform_rotateY_effect_hover_mobile&quot;:null,&quot;_transform_perspective_effect_hover&quot;:null,&quot;_transform_perspective_effect_hover_tablet&quot;:null,&quot;_transform_perspective_effect_hover_mobile&quot;:null,&quot;_transform_translate_popover_hover&quot;:&quot;&quot;,&quot;_transform_translateX_effect_hover&quot;:null,&quot;_transform_translateX_effect_hover_tablet&quot;:null,&quot;_transform_translateX_effect_hover_mobile&quot;:null,&quot;_transform_translateY_effect_hover&quot;:null,&quot;_transform_translateY_effect_hover_tablet&quot;:null,&quot;_transform_translateY_effect_hover_mobile&quot;:null,&quot;_transform_scale_popover_hover&quot;:&quot;&quot;,&quot;_transform_keep_proportions_hover&quot;:&quot;yes&quot;,&quot;_transform_scale_effect_hover&quot;:null,&quot;_transform_scale_effect_hover_tablet&quot;:null,&quot;_transform_scale_effect_hover_mobile&quot;:null,&quot;_transform_scaleX_effect_hover&quot;:null,&quot;_transform_scaleX_effect_hover_tablet&quot;:null,&quot;_transform_scaleX_effect_hover_mobile&quot;:null,&quot;_transform_scaleY_effect_hover&quot;:null,&quot;_transform_scaleY_effect_hover_tablet&quot;:null,&quot;_transform_scaleY_effect_hover_mobile&quot;:null,&quot;_transform_skew_popover_hover&quot;:&quot;&quot;,&quot;_transform_skewX_effect_hover&quot;:null,&quot;_transform_skewX_effect_hover_tablet&quot;:null,&quot;_transform_skewX_effect_hover_mobile&quot;:null,&quot;_transform_skewY_effect_hover&quot;:null,&quot;_transform_skewY_effect_hover_tablet&quot;:null,&quot;_transform_skewY_effect_hover_mobile&quot;:null,&quot;_transform_flipX_effect_hover&quot;:&quot;&quot;,&quot;_transform_flipY_effect_hover&quot;:&quot;&quot;,&quot;_background_color&quot;:null,&quot;_background_color_b&quot;:null,&quot;_background_image&quot;:null,&quot;_background_video_link&quot;:null,&quot;_background_video_start&quot;:null,&quot;_background_video_end&quot;:null,&quot;_background_play_once&quot;:null,&quot;_background_play_on_mobile&quot;:null,&quot;_background_privacy_mode&quot;:null,&quot;_background_slideshow_gallery&quot;:null,&quot;_background_slideshow_loop&quot;:null,&quot;_background_slideshow_slide_duration&quot;:null,&quot;_background_slideshow_slide_transition&quot;:null,&quot;_background_slideshow_transition_duration&quot;:null,&quot;_background_slideshow_lazyload&quot;:null,&quot;_background_slideshow_ken_burns&quot;:null,&quot;_background_slideshow_ken_burns_zoom_direction&quot;:null,&quot;_background_hover_color&quot;:null,&quot;_background_hover_color_b&quot;:null,&quot;_background_hover_image&quot;:null,&quot;_background_hover_video_link&quot;:null,&quot;_background_hover_video_start&quot;:null,&quot;_background_hover_video_end&quot;:null,&quot;_background_hover_play_once&quot;:null,&quot;_background_hover_play_on_mobile&quot;:null,&quot;_background_hover_privacy_mode&quot;:null,&quot;_background_hover_slideshow_gallery&quot;:null,&quot;_background_hover_slideshow_loop&quot;:null,&quot;_background_hover_slideshow_slide_duration&quot;:null,&quot;_background_hover_slideshow_slide_transition&quot;:null,&quot;_background_hover_slideshow_transition_duration&quot;:null,&quot;_background_hover_slideshow_lazyload&quot;:null,&quot;_background_hover_slideshow_ken_burns&quot;:null,&quot;_background_hover_slideshow_ken_burns_zoom_direction&quot;:null,&quot;_mask_switch&quot;:&quot;&quot;,&quot;hide_desktop&quot;:&quot;&quot;,&quot;hide_tablet&quot;:&quot;&quot;,&quot;hide_mobile&quot;:&quot;&quot;,&quot;_attributes&quot;:&quot;&quot;}}\"\/>\n\n\t\t\t\t\n\t\t\t\t<div class=\"edumall-grid lazy-grid\">\n\t\t\t\t\t\t\t\t\t\t\t<div class=\"grid-sizer\"><\/div>\n\t\t\t\t\t\n\t\t\t\t\t\t<div class=\"portfolio-item grid-item post-9054 portfolio type-portfolio status-publish hentry portfolio_category-news-en post-no-thumbnail\">\n\t\t<div class=\"post-wrapper edumall-box\">\n\t\t\t<div class=\"post-thumbnail-wrapper edumall-image\">\n\t\t\t\t<a href=\"https:\/\/saheb-consulting.de\/en\/portfolio\/there-are-currently-no-news-available\/\"\n\t\t\t\t   class=\"post-permalink link-secret\">\n\t\t\t\t\t<div class=\"post-thumbnail\">\n\t\t\t\t\t\t\t\t\t\t\t\t\t<img decoding=\"async\" src=\"https:\/\/via.placeholder.com\/480x480?text=No+Image\" alt=\"Thumbnail\"\/>\t\t\t\t\t\t\t\t\t\t\t<\/div>\n\n\t\t\t\t\t\t\t\t\t<\/a>\n\t\t\t<\/div>\n\n\t\t\t\t\t\t\t<div class=\"post-info\">\n\t<h3 class=\"post-title\">\n\t\t<a href=\"https:\/\/saheb-consulting.de\/en\/portfolio\/there-are-currently-no-news-available\/\">There are currently no news available<\/a>\n\t<\/h3>\n\n\t\n\t\t\t  <div class=\"entry-portfolio-description\">\n\t\t\t\t\t\t\t\t\t<\/div>\n\t<\/div>\n\t\t\t\n\t\t<\/div>\n\t<\/div>\n\t\t\t\t<\/div>\n\n\t\t\t\t\n\t\t\t\t\t\t\t\t\t<\/div>\n\t\t\t\t\t\t<\/div>\n\t\t\t\t<\/div>\n\t\t\t\t\t<\/div>\n\t\t<\/div>\n\t\t\t\t\t<\/div>\n\t\t<\/section>\n\t\t\t\t<\/div>\n\t\t","protected":false},"excerpt":{"rendered":"<p>22. September 2020 Achtung: \u00c4nderung Das Lean Basic Training in Zusammenarbeit mit der Grundig Akademie findet vom 11.-12. November 2020 als Online Training statt. Mehr dazu 19. August 2020 Am 26.-27. 2020 Oktober findet in N\u00fcrnberg ein Lean Basic Training statt, Veranstalter ist die Grundig Akademie, das Training wird von Kathrin Saheb durchgef\u00fchrt. Mehr dazu 20. Juli 2020 Das Seminar\u00a0 \u201eLean Administration Basics\u201c kann jetzt auch als Live Online Seminar gebucht werden. Verschiedene Module sind abrufbar. Mehr dazu 2. April 2018 Vortrag von Kathrin Saheb zum Thema:\u00a0\u201eUmgang mit Dauererreichbarkeit\u201c in K\u00f6ln am 10 April um 19 Uhr im Rahmen des Netzwerktreffens BPW Germany (Business and Professional Women) K\u00f6ln. Ort: G\u00e4stehaus ST. Georg, Rolandstra\u00dfe 61, 50677 K\u00f6ln. Load More All items displayed.<\/p>\n","protected":false},"author":2,"featured_media":0,"parent":0,"menu_order":0,"comment_status":"closed","ping_status":"closed","template":"","meta":{"footnotes":""},"class_list":["post-9046","page","type-page","status-publish","hentry","post-no-thumbnail"],"yoast_head":"<!-- This site is optimized with the Yoast SEO Premium plugin v18.2.1 (Yoast SEO v26.0) - https:\/\/yoast.com\/wordpress\/plugins\/seo\/ -->\n<title>News - Saheb Consulting<\/title>\n<meta name=\"robots\" content=\"noindex, nofollow\" \/>\n<meta property=\"og:locale\" content=\"en_US\" \/>\n<meta property=\"og:type\" content=\"article\" \/>\n<meta property=\"og:title\" content=\"News\" \/>\n<meta property=\"og:description\" content=\"22. September 2020 Achtung: \u00c4nderung Das Lean Basic Training in Zusammenarbeit mit der Grundig Akademie findet vom 11.-12. November 2020 als Online Training statt. Mehr dazu 19. August 2020 Am 26.-27. 2020 Oktober findet in N\u00fcrnberg ein Lean Basic Training statt, Veranstalter ist die Grundig Akademie, das Training wird von Kathrin Saheb durchgef\u00fchrt. Mehr dazu 20. Juli 2020 Das Seminar\u00a0 \u201eLean Administration Basics\u201c kann jetzt auch als Live Online Seminar gebucht werden. Verschiedene Module sind abrufbar. Mehr dazu 2. April 2018 Vortrag von Kathrin Saheb zum Thema:\u00a0\u201eUmgang mit Dauererreichbarkeit\u201c in K\u00f6ln am 10 April um 19 Uhr im Rahmen des Netzwerktreffens BPW Germany (Business and Professional Women) K\u00f6ln. Ort: G\u00e4stehaus ST. Georg, Rolandstra\u00dfe 61, 50677 K\u00f6ln. Load More All items displayed.\" \/>\n<meta property=\"og:url\" content=\"https:\/\/saheb-consulting.de\/news-presse\/\" \/>\n<meta property=\"og:site_name\" content=\"Saheb Consulting\" \/>\n<meta property=\"article:modified_time\" content=\"2022-04-04T23:16:15+00:00\" \/>\n<meta property=\"og:image\" content=\"https:\/\/via.placeholder.com\/480x480?text=No+Image\" \/>\n<meta name=\"twitter:card\" content=\"summary_large_image\" \/>\n<meta name=\"twitter:label1\" content=\"Est. reading time\" \/>\n\t<meta name=\"twitter:data1\" content=\"1 minute\" \/>\n<script type=\"application\/ld+json\" class=\"yoast-schema-graph\">{\"@context\":\"https:\/\/schema.org\",\"@graph\":[{\"@type\":\"WebPage\",\"@id\":\"https:\/\/saheb-consulting.de\/news-presse\/\",\"url\":\"https:\/\/saheb-consulting.de\/news-presse\/\",\"name\":\"News - Saheb Consulting\",\"isPartOf\":{\"@id\":\"https:\/\/saheb-consulting.de\/#website\"},\"primaryImageOfPage\":{\"@id\":\"https:\/\/saheb-consulting.de\/news-presse\/#primaryimage\"},\"image\":{\"@id\":\"https:\/\/saheb-consulting.de\/news-presse\/#primaryimage\"},\"thumbnailUrl\":\"https:\/\/via.placeholder.com\/480x480?text=No+Image\",\"datePublished\":\"2022-03-24T21:50:18+00:00\",\"dateModified\":\"2022-04-04T23:16:15+00:00\",\"breadcrumb\":{\"@id\":\"https:\/\/saheb-consulting.de\/news-presse\/#breadcrumb\"},\"inLanguage\":\"en-US\",\"potentialAction\":[{\"@type\":\"ReadAction\",\"target\":[\"https:\/\/saheb-consulting.de\/news-presse\/\"]}]},{\"@type\":\"ImageObject\",\"inLanguage\":\"en-US\",\"@id\":\"https:\/\/saheb-consulting.de\/news-presse\/#primaryimage\",\"url\":\"https:\/\/via.placeholder.com\/480x480?text=No+Image\",\"contentUrl\":\"https:\/\/via.placeholder.com\/480x480?text=No+Image\"},{\"@type\":\"BreadcrumbList\",\"@id\":\"https:\/\/saheb-consulting.de\/news-presse\/#breadcrumb\",\"itemListElement\":[{\"@type\":\"ListItem\",\"position\":1,\"name\":\"Home\",\"item\":\"https:\/\/saheb-consulting.de\/en\/\"},{\"@type\":\"ListItem\",\"position\":2,\"name\":\"News\"}]},{\"@type\":\"WebSite\",\"@id\":\"https:\/\/saheb-consulting.de\/#website\",\"url\":\"https:\/\/saheb-consulting.de\/\",\"name\":\"Saheb Consulting\",\"description\":\"Lean Administration f\u00fcr Fach- und F\u00fchrungskr\u00e4fte\",\"potentialAction\":[{\"@type\":\"SearchAction\",\"target\":{\"@type\":\"EntryPoint\",\"urlTemplate\":\"https:\/\/saheb-consulting.de\/?s={search_term_string}\"},\"query-input\":{\"@type\":\"PropertyValueSpecification\",\"valueRequired\":true,\"valueName\":\"search_term_string\"}}],\"inLanguage\":\"en-US\"}]}<\/script>\n<!-- \/ Yoast SEO Premium plugin. -->","yoast_head_json":{"title":"News - Saheb Consulting","robots":{"index":"noindex","follow":"nofollow"},"og_locale":"en_US","og_type":"article","og_title":"News","og_description":"22. September 2020 Achtung: \u00c4nderung Das Lean Basic Training in Zusammenarbeit mit der Grundig Akademie findet vom 11.-12. November 2020 als Online Training statt. Mehr dazu 19. August 2020 Am 26.-27. 2020 Oktober findet in N\u00fcrnberg ein Lean Basic Training statt, Veranstalter ist die Grundig Akademie, das Training wird von Kathrin Saheb durchgef\u00fchrt. Mehr dazu 20. Juli 2020 Das Seminar\u00a0 \u201eLean Administration Basics\u201c kann jetzt auch als Live Online Seminar gebucht werden. Verschiedene Module sind abrufbar. Mehr dazu 2. April 2018 Vortrag von Kathrin Saheb zum Thema:\u00a0\u201eUmgang mit Dauererreichbarkeit\u201c in K\u00f6ln am 10 April um 19 Uhr im Rahmen des Netzwerktreffens BPW Germany (Business and Professional Women) K\u00f6ln. Ort: G\u00e4stehaus ST. Georg, Rolandstra\u00dfe 61, 50677 K\u00f6ln. Load More All items displayed.","og_url":"https:\/\/saheb-consulting.de\/news-presse\/","og_site_name":"Saheb Consulting","article_modified_time":"2022-04-04T23:16:15+00:00","og_image":[{"url":"https:\/\/via.placeholder.com\/480x480?text=No+Image","type":"","width":"","height":""}],"twitter_card":"summary_large_image","twitter_misc":{"Est. reading time":"1 minute"},"schema":{"@context":"https:\/\/schema.org","@graph":[{"@type":"WebPage","@id":"https:\/\/saheb-consulting.de\/news-presse\/","url":"https:\/\/saheb-consulting.de\/news-presse\/","name":"News - Saheb Consulting","isPartOf":{"@id":"https:\/\/saheb-consulting.de\/#website"},"primaryImageOfPage":{"@id":"https:\/\/saheb-consulting.de\/news-presse\/#primaryimage"},"image":{"@id":"https:\/\/saheb-consulting.de\/news-presse\/#primaryimage"},"thumbnailUrl":"https:\/\/via.placeholder.com\/480x480?text=No+Image","datePublished":"2022-03-24T21:50:18+00:00","dateModified":"2022-04-04T23:16:15+00:00","breadcrumb":{"@id":"https:\/\/saheb-consulting.de\/news-presse\/#breadcrumb"},"inLanguage":"en-US","potentialAction":[{"@type":"ReadAction","target":["https:\/\/saheb-consulting.de\/news-presse\/"]}]},{"@type":"ImageObject","inLanguage":"en-US","@id":"https:\/\/saheb-consulting.de\/news-presse\/#primaryimage","url":"https:\/\/via.placeholder.com\/480x480?text=No+Image","contentUrl":"https:\/\/via.placeholder.com\/480x480?text=No+Image"},{"@type":"BreadcrumbList","@id":"https:\/\/saheb-consulting.de\/news-presse\/#breadcrumb","itemListElement":[{"@type":"ListItem","position":1,"name":"Home","item":"https:\/\/saheb-consulting.de\/en\/"},{"@type":"ListItem","position":2,"name":"News"}]},{"@type":"WebSite","@id":"https:\/\/saheb-consulting.de\/#website","url":"https:\/\/saheb-consulting.de\/","name":"Saheb Consulting","description":"Lean Administration f\u00fcr Fach- und F\u00fchrungskr\u00e4fte","potentialAction":[{"@type":"SearchAction","target":{"@type":"EntryPoint","urlTemplate":"https:\/\/saheb-consulting.de\/?s={search_term_string}"},"query-input":{"@type":"PropertyValueSpecification","valueRequired":true,"valueName":"search_term_string"}}],"inLanguage":"en-US"}]}},"_links":{"self":[{"href":"https:\/\/saheb-consulting.de\/en\/wp-json\/wp\/v2\/pages\/9046","targetHints":{"allow":["GET"]}}],"collection":[{"href":"https:\/\/saheb-consulting.de\/en\/wp-json\/wp\/v2\/pages"}],"about":[{"href":"https:\/\/saheb-consulting.de\/en\/wp-json\/wp\/v2\/types\/page"}],"author":[{"embeddable":true,"href":"https:\/\/saheb-consulting.de\/en\/wp-json\/wp\/v2\/users\/2"}],"replies":[{"embeddable":true,"href":"https:\/\/saheb-consulting.de\/en\/wp-json\/wp\/v2\/comments?post=9046"}],"version-history":[{"count":2,"href":"https:\/\/saheb-consulting.de\/en\/wp-json\/wp\/v2\/pages\/9046\/revisions"}],"predecessor-version":[{"id":9129,"href":"https:\/\/saheb-consulting.de\/en\/wp-json\/wp\/v2\/pages\/9046\/revisions\/9129"}],"wp:attachment":[{"href":"https:\/\/saheb-consulting.de\/en\/wp-json\/wp\/v2\/media?parent=9046"}],"curies":[{"name":"wp","href":"https:\/\/api.w.org\/{rel}","templated":true}]}}