{"id":8688,"date":"2020-10-20T04:09:01","date_gmt":"2020-10-20T03:09:01","guid":{"rendered":"https:\/\/saheb-consulting.de\/kontakt\/"},"modified":"2022-04-05T00:21:41","modified_gmt":"2022-04-04T23:21:41","slug":"contact","status":"publish","type":"page","link":"https:\/\/saheb-consulting.de\/en\/contact\/","title":{"rendered":"Contact"},"content":{"rendered":"\t\t<div data-elementor-type=\"wp-page\" data-elementor-id=\"8688\" class=\"elementor elementor-8688 elementor-1330\" data-elementor-post-type=\"page\">\n\t\t\t\t\t\t<section class=\"elementor-section elementor-top-section elementor-element elementor-element-4f98def elementor-section-boxed elementor-section-gap-beside-yes elementor-section-height-default elementor-section-height-default elementor-section-content-align-center elementor-section-column-vertical-align-stretch\" data-id=\"4f98def\" data-element_type=\"section\">\n\t\t\t\t\t\t<div class=\"elementor-container elementor-column-gap-extended\">\n\t\t\t\t\t<div class=\"elementor-column elementor-col-50 elementor-top-column elementor-element elementor-element-f44219f\" data-id=\"f44219f\" data-element_type=\"column\">\n\t\t\t<div class=\"elementor-widget-wrap elementor-element-populated\">\n\t\t\t\t\t\t<div class=\"elementor-element elementor-element-3c53756 elementor-invisible elementor-widget elementor-widget-tm-heading\" data-id=\"3c53756\" data-element_type=\"widget\" data-settings=\"{&quot;_animation&quot;:&quot;edumallFadeInUp&quot;}\" data-widget_type=\"tm-heading.default\">\n\t\t\t\t<div class=\"elementor-widget-container\">\n\t\t\t\t\t\t\t<div class=\"tm-modern-heading\">\n\t\t\t\n\t\t\t\t\t<div class=\"heading-primary-wrap\">\n\t\t\t<h2 class=\"heading-primary elementor-heading-title\">Contact us<\/h2>\t\t<\/div>\n\t\t\n\t\t\t\n\t\t\t\t\t<\/div>\n\t\t\t\t\t\t<\/div>\n\t\t\t\t<\/div>\n\t\t\t\t<div class=\"elementor-element elementor-element-864f2a1 elementor-position-left elementor-vertical-align-middle edumall-view-default elementor-invisible elementor-widget elementor-widget-tm-icon-box\" data-id=\"864f2a1\" data-element_type=\"widget\" data-settings=\"{&quot;_animation&quot;:&quot;edumallFadeInUp&quot;}\" data-widget_type=\"tm-icon-box.default\">\n\t\t\t\t<div class=\"elementor-widget-container\">\n\t\t\t\t\t\t\t<div class=\"tm-icon-box edumall-box\">\n\t\t<div class=\"icon-box-wrapper\">\n\t\t\t\t\t<div class=\"edumall-icon-wrap\">\n\t\t\t<div class=\"edumall-icon-view first\">\n\t\t\t\t<div class=\"edumall-icon-view-inner\">\n\t\t\t\t\t<div class=\"edumall-icon icon edumall-solid-icon\">\n\t\t\t\t\t\t<i aria-hidden=\"true\" class=\"fal fa-mobile-alt\"><\/i>\t\t\t\t\t<\/div>\n\t\t\t\t<\/div>\n\t\t\t<\/div>\n\n\t\t\t\t\t<\/div>\n\t\t\n\t\t\t<div class=\"icon-box-content\">\n\t\t\t\t\t\t<div class=\"heading-wrap\">\n\t\t\t<h3 class=\"heading\">Address<\/h3>\n\t\t\t\t\t<\/div>\n\t\t\n\t\t\t\t\n\t\t\t\t\t\t\t<\/div>\n\t\t<\/div>\n\n\t\t<\/div>\t\t\t\t\t\t<\/div>\n\t\t\t\t<\/div>\n\t\t\t\t<div class=\"elementor-element elementor-element-a1a4eec elementor-invisible elementor-widget elementor-widget-tm-heading\" data-id=\"a1a4eec\" data-element_type=\"widget\" data-settings=\"{&quot;_animation&quot;:&quot;edumallFadeInUp&quot;}\" data-widget_type=\"tm-heading.default\">\n\t\t\t\t<div class=\"elementor-widget-container\">\n\t\t\t\t\t\t\t<div class=\"tm-modern-heading\">\n\t\t\t\n\t\t\t\t\t<div class=\"heading-primary-wrap\">\n\t\t\t<div class=\"heading-primary elementor-heading-title\">Saheb Consulting UG\n<br>\nK\u00f6penicker Landstra\u00dfe 254<br>\n12437 Berlin, Germany <br>\nCEO: Kathrin Saheb<\/div>\t\t<\/div>\n\t\t\n\t\t\t\n\t\t\t\t\t<\/div>\n\t\t\t\t\t\t<\/div>\n\t\t\t\t<\/div>\n\t\t\t\t<div class=\"elementor-element elementor-element-f1b492b elementor-align-left elementor-mobile-align-center elementor-invisible elementor-widget elementor-widget-tm-separator\" data-id=\"f1b492b\" data-element_type=\"widget\" data-settings=\"{&quot;_animation&quot;:&quot;edumallFadeInUp&quot;}\" data-widget_type=\"tm-separator.default\">\n\t\t\t\t<div class=\"elementor-widget-container\">\n\t\t\t\t\t\t\t<div class=\"tm-separator horizontal-line\">\n\t\t\t<div class=\"inner\"><\/div>\n\t\t<\/div>\n\t\t\t\t\t\t<\/div>\n\t\t\t\t<\/div>\n\t\t\t\t<div class=\"elementor-element elementor-element-fb08551 elementor-position-left elementor-vertical-align-middle edumall-view-default elementor-invisible elementor-widget elementor-widget-tm-icon-box\" data-id=\"fb08551\" data-element_type=\"widget\" data-settings=\"{&quot;_animation&quot;:&quot;edumallFadeInUp&quot;}\" data-widget_type=\"tm-icon-box.default\">\n\t\t\t\t<div class=\"elementor-widget-container\">\n\t\t\t\t\t\t\t<div class=\"tm-icon-box edumall-box\">\n\t\t<div class=\"icon-box-wrapper\">\n\t\t\t\t\t<div class=\"edumall-icon-wrap\">\n\t\t\t<div class=\"edumall-icon-view first\">\n\t\t\t\t<div class=\"edumall-icon-view-inner\">\n\t\t\t\t\t<div class=\"edumall-icon icon edumall-solid-icon\">\n\t\t\t\t\t\t<i aria-hidden=\"true\" class=\"fal fa-mobile-alt\"><\/i>\t\t\t\t\t<\/div>\n\t\t\t\t<\/div>\n\t\t\t<\/div>\n\n\t\t\t\t\t<\/div>\n\t\t\n\t\t\t<div class=\"icon-box-content\">\n\t\t\t\t\t\t<div class=\"heading-wrap\">\n\t\t\t<h3 class=\"heading\">Phone number<\/h3>\n\t\t\t\t\t<\/div>\n\t\t\n\t\t\t\t\n\t\t\t\t\t\t\t<\/div>\n\t\t<\/div>\n\n\t\t<\/div>\t\t\t\t\t\t<\/div>\n\t\t\t\t<\/div>\n\t\t\t\t<div class=\"elementor-element elementor-element-605457e elementor-invisible elementor-widget elementor-widget-tm-heading\" data-id=\"605457e\" data-element_type=\"widget\" data-settings=\"{&quot;_animation&quot;:&quot;edumallFadeInUp&quot;}\" data-widget_type=\"tm-heading.default\">\n\t\t\t\t<div class=\"elementor-widget-container\">\n\t\t\t\t\t\t\t<div class=\"tm-modern-heading\">\n\t\t\t\n\t\t\t\t\t<div class=\"heading-primary-wrap\">\n\t\t\t<div class=\"heading-primary elementor-heading-title\">Mobile: <span class=\"heading-color font-700\">+49 (0) 162 66 48 575\n<\/span><br\/>\n<\/div>\t\t<\/div>\n\t\t\n\t\t\t\n\t\t\t\t\t<\/div>\n\t\t\t\t\t\t<\/div>\n\t\t\t\t<\/div>\n\t\t\t\t<div class=\"elementor-element elementor-element-6a88356 elementor-align-left elementor-mobile-align-center elementor-invisible elementor-widget elementor-widget-tm-separator\" data-id=\"6a88356\" data-element_type=\"widget\" data-settings=\"{&quot;_animation&quot;:&quot;edumallFadeInUp&quot;}\" data-widget_type=\"tm-separator.default\">\n\t\t\t\t<div class=\"elementor-widget-container\">\n\t\t\t\t\t\t\t<div class=\"tm-separator horizontal-line\">\n\t\t\t<div class=\"inner\"><\/div>\n\t\t<\/div>\n\t\t\t\t\t\t<\/div>\n\t\t\t\t<\/div>\n\t\t\t\t<div class=\"elementor-element elementor-element-7827fc2 elementor-position-left elementor-vertical-align-middle edumall-view-default elementor-invisible elementor-widget elementor-widget-tm-icon-box\" data-id=\"7827fc2\" data-element_type=\"widget\" data-settings=\"{&quot;_animation&quot;:&quot;edumallFadeInUp&quot;}\" data-widget_type=\"tm-icon-box.default\">\n\t\t\t\t<div class=\"elementor-widget-container\">\n\t\t\t\t\t\t\t<div class=\"tm-icon-box edumall-box\">\n\t\t<div class=\"icon-box-wrapper\">\n\t\t\t\t\t<div class=\"edumall-icon-wrap\">\n\t\t\t<div class=\"edumall-icon-view first\">\n\t\t\t\t<div class=\"edumall-icon-view-inner\">\n\t\t\t\t\t<div class=\"edumall-icon icon edumall-solid-icon\">\n\t\t\t\t\t\t<i aria-hidden=\"true\" class=\"fal fa-comment-alt-lines\"><\/i>\t\t\t\t\t<\/div>\n\t\t\t\t<\/div>\n\t\t\t<\/div>\n\n\t\t\t\t\t<\/div>\n\t\t\n\t\t\t<div class=\"icon-box-content\">\n\t\t\t\t\t\t<div class=\"heading-wrap\">\n\t\t\t<h3 class=\"heading\">E-mail address<\/h3>\n\t\t\t\t\t<\/div>\n\t\t\n\t\t\t\t\n\t\t\t\t\t\t\t<\/div>\n\t\t<\/div>\n\n\t\t<\/div>\t\t\t\t\t\t<\/div>\n\t\t\t\t<\/div>\n\t\t\t\t<div class=\"elementor-element elementor-element-1b9143e elementor-invisible elementor-widget elementor-widget-tm-heading\" data-id=\"1b9143e\" data-element_type=\"widget\" data-settings=\"{&quot;_animation&quot;:&quot;edumallFadeInUp&quot;}\" data-widget_type=\"tm-heading.default\">\n\t\t\t\t<div class=\"elementor-widget-container\">\n\t\t\t\t\t\t\t<div class=\"tm-modern-heading\">\n\t\t\t\n\t\t\t\t\t<div class=\"heading-primary-wrap\">\n\t\t\t<div class=\"heading-primary elementor-heading-title\">info@saheb-consulting.de\n<\/div>\t\t<\/div>\n\t\t\n\t\t\t\n\t\t\t\t\t<\/div>\n\t\t\t\t\t\t<\/div>\n\t\t\t\t<\/div>\n\t\t\t\t<div class=\"elementor-element elementor-element-754d098 elementor-align-left elementor-mobile-align-center elementor-invisible elementor-widget elementor-widget-tm-separator\" data-id=\"754d098\" data-element_type=\"widget\" data-settings=\"{&quot;_animation&quot;:&quot;edumallFadeInUp&quot;}\" data-widget_type=\"tm-separator.default\">\n\t\t\t\t<div class=\"elementor-widget-container\">\n\t\t\t\t\t\t\t<div class=\"tm-separator horizontal-line\">\n\t\t\t<div class=\"inner\"><\/div>\n\t\t<\/div>\n\t\t\t\t\t\t<\/div>\n\t\t\t\t<\/div>\n\t\t\t\t\t<\/div>\n\t\t<\/div>\n\t\t\t\t<div class=\"elementor-column elementor-col-50 elementor-top-column elementor-element elementor-element-a368157\" data-id=\"a368157\" data-element_type=\"column\">\n\t\t\t<div class=\"elementor-widget-wrap elementor-element-populated\">\n\t\t\t\t\t\t<div class=\"elementor-element elementor-element-0e1e5b4 elementor-invisible elementor-widget elementor-widget-tm-heading\" data-id=\"0e1e5b4\" data-element_type=\"widget\" data-settings=\"{&quot;_animation&quot;:&quot;edumallFadeInUp&quot;}\" data-widget_type=\"tm-heading.default\">\n\t\t\t\t<div class=\"elementor-widget-container\">\n\t\t\t\t\t\t\t<div class=\"tm-modern-heading\">\n\t\t\t\n\t\t\t\t\t<div class=\"heading-primary-wrap\">\n\t\t\t<h2 class=\"heading-primary elementor-heading-title\">Contact form<\/h2>\t\t<\/div>\n\t\t\n\t\t\t\n\t\t\t\t\t<\/div>\n\t\t\t\t\t\t<\/div>\n\t\t\t\t<\/div>\n\t\t\t\t<div class=\"elementor-element elementor-element-1fa0056 edumall-button-align-center edumall-contact-form-style-01 elementor-invisible elementor-widget elementor-widget-tm-contact-form-7\" data-id=\"1fa0056\" data-element_type=\"widget\" data-settings=\"{&quot;_animation&quot;:&quot;edumallFadeInUp&quot;}\" data-widget_type=\"tm-contact-form-7.default\">\n\t\t\t\t<div class=\"elementor-widget-container\">\n\t\t\t\t\t\t\t<div class=\"edumall-contact-form-7\">\n\t\t\t\n<div class=\"wpcf7 no-js\" id=\"wpcf7-f8922-o1\" lang=\"en-US\" dir=\"ltr\" data-wpcf7-id=\"8922\">\n<div class=\"screen-reader-response\"><p role=\"status\" aria-live=\"polite\" aria-atomic=\"true\"><\/p> <ul><\/ul><\/div>\n<form action=\"\/en\/wp-json\/wp\/v2\/pages\/8688#wpcf7-f8922-o1\" method=\"post\" class=\"wpcf7-form init\" aria-label=\"Contact form\" novalidate=\"novalidate\" data-status=\"init\">\n<fieldset class=\"hidden-fields-container\"><input type=\"hidden\" name=\"_wpcf7\" value=\"8922\" \/><input type=\"hidden\" name=\"_wpcf7_version\" value=\"6.1.1\" \/><input type=\"hidden\" name=\"_wpcf7_locale\" value=\"en_US\" \/><input type=\"hidden\" name=\"_wpcf7_unit_tag\" value=\"wpcf7-f8922-o1\" \/><input type=\"hidden\" name=\"_wpcf7_container_post\" value=\"0\" \/><input type=\"hidden\" name=\"_wpcf7_posted_data_hash\" value=\"\" \/><input type=\"hidden\" name=\"_wpcf7_recaptcha_response\" value=\"\" \/>\n<\/fieldset>\n<div class=\"row\">\n\t<div class=\"col-md-6\">\n\t\t<div class=\"form-group\">\n\t\t\t<div class=\"form-input-group\">\n\t\t\t\t<p><span class=\"wpcf7-form-control-wrap\" data-name=\"unternehmen\"><input size=\"40\" maxlength=\"400\" class=\"wpcf7-form-control wpcf7-text wpcf7-validates-as-required form-control form-input\" aria-required=\"true\" aria-invalid=\"false\" placeholder=\"Company\" value=\"\" type=\"text\" name=\"unternehmen\" \/><\/span>\n\t\t\t\t<\/p>\n\t\t\t<\/div>\n\t\t<\/div>\n\t<\/div>\n\t<div class=\"col-md-6\">\n\t\t<div class=\"form-group\">\n\t\t\t<div class=\"form-input-group\">\n\t\t\t\t<p><span class=\"wpcf7-form-control-wrap\" data-name=\"ansprechpartner\"><input size=\"40\" maxlength=\"400\" class=\"wpcf7-form-control wpcf7-text wpcf7-validates-as-required form-control form-input\" aria-required=\"true\" aria-invalid=\"false\" placeholder=\"Your Name\" value=\"\" type=\"text\" name=\"ansprechpartner\" \/><\/span>\n\t\t\t\t<\/p>\n\t\t\t<\/div>\n\t\t<\/div>\n\t<\/div>\n<\/div>\n<div class=\"row\">\n\t<div class=\"col-md-6\">\n\t\t<div class=\"form-group\">\n\t\t\t<div class=\"form-input-group\">\n\t\t\t\t<p><span class=\"wpcf7-form-control-wrap\" data-name=\"your-email\"><input size=\"40\" maxlength=\"400\" class=\"wpcf7-form-control wpcf7-email wpcf7-validates-as-required wpcf7-text wpcf7-validates-as-email form-control form-input\" aria-required=\"true\" aria-invalid=\"false\" placeholder=\"Email\" value=\"\" type=\"email\" name=\"your-email\" \/><\/span>\n\t\t\t\t<\/p>\n\t\t\t<\/div>\n\t\t<\/div>\n\t<\/div>\n\t<div class=\"col-md-6\">\n\t\t<div class=\"form-group\">\n\t\t\t<div class=\"form-input-group\">\n\t\t\t\t<p><span class=\"wpcf7-form-control-wrap\" data-name=\"rufnummer\"><input size=\"40\" maxlength=\"400\" class=\"wpcf7-form-control wpcf7-tel wpcf7-validates-as-required wpcf7-text wpcf7-validates-as-tel form-control form-input\" aria-required=\"true\" aria-invalid=\"false\" placeholder=\"Phone\" value=\"\" type=\"tel\" name=\"rufnummer\" \/><\/span>\n\t\t\t\t<\/p>\n\t\t\t<\/div>\n\t\t<\/div>\n\t<\/div>\n<\/div>\n<div class=\"form-group\">\n\t<div class=\"form-input-group\">\n\t\t<p><span class=\"wpcf7-form-control-wrap\" data-name=\"your-message\"><textarea cols=\"40\" rows=\"10\" maxlength=\"2000\" class=\"wpcf7-form-control wpcf7-textarea\" aria-invalid=\"false\" placeholder=\"Message\" name=\"your-message\"><\/textarea><\/span>\n\t\t<\/p>\n\t<\/div>\n<\/div>\n<div class=\"form-submit\">\n\t<p><input class=\"wpcf7-form-control wpcf7-submit has-spinner\" type=\"submit\" value=\"Send\" \/>\n\t<\/p>\n\t<div style=\"font-size:10px;line-height: 15px;padding-bottom: 20px;margin-top: 0px;\">\n\t\t<p>In order to be able to process your request, it is necessary to process the data you have provided. This means that when you submit the contact form, you agree that your data (see <a href=\"https:\/\/saheb-consulting.de\/datenschutz\/\" target=\"_blank\">Privacy Policy<\/a>) will be processed. Your data will be deleted after the purpose no longer applies. You can (see Art. 21 GDPR) object to the processing of your data at any time.\n\t\t<\/p>\n\t<\/div>\n\t<div>\n\t<\/div>\n<\/div><div class=\"wpcf7-response-output\" aria-hidden=\"true\"><\/div>\n<\/form>\n<\/div>\n\t\t<\/div>\n\t\t\t\t\t\t<\/div>\n\t\t\t\t<\/div>\n\t\t\t\t\t<\/div>\n\t\t<\/div>\n\t\t\t\t\t<\/div>\n\t\t<\/section>\n\t\t\t\t<\/div>\n\t\t","protected":false},"excerpt":{"rendered":"<p>Contact us Address Saheb Consulting UG K\u00f6penicker Landstra\u00dfe 254 12437 Berlin, Germany CEO: Kathrin Saheb Phone number Mobile: +49 (0) 162 66 48 575 E-mail address info@saheb-consulting.de Contact form In order to be able to process your request, it is necessary to process the data you have provided. This means that when you submit the contact form, you agree that your data (see Privacy Policy) will be processed. Your data will be deleted after the purpose no longer applies. You can (see Art. 21 GDPR) object to the processing of your data at any time.<\/p>\n","protected":false},"author":1,"featured_media":0,"parent":0,"menu_order":0,"comment_status":"closed","ping_status":"closed","template":"","meta":{"footnotes":""},"class_list":["post-8688","page","type-page","status-publish","hentry","post-no-thumbnail"],"yoast_head":"<!-- This site is optimized with the Yoast SEO Premium plugin v18.2.1 (Yoast SEO v26.0) - https:\/\/yoast.com\/wordpress\/plugins\/seo\/ -->\n<title>Contact - Saheb Consulting<\/title>\n<meta name=\"robots\" content=\"noindex, nofollow\" \/>\n<meta property=\"og:locale\" content=\"en_US\" \/>\n<meta property=\"og:type\" content=\"article\" \/>\n<meta property=\"og:title\" content=\"Contact\" \/>\n<meta property=\"og:description\" content=\"Contact us Address Saheb Consulting UG K\u00f6penicker Landstra\u00dfe 254 12437 Berlin, Germany CEO: Kathrin Saheb Phone number Mobile: +49 (0) 162 66 48 575 E-mail address info@saheb-consulting.de Contact form In order to be able to process your request, it is necessary to process the data you have provided. This means that when you submit the contact form, you agree that your data (see Privacy Policy) will be processed. Your data will be deleted after the purpose no longer applies. You can (see Art. 21 GDPR) object to the processing of your data at any time.\" \/>\n<meta property=\"og:url\" content=\"https:\/\/saheb-consulting.de\/en\/contact\/\" \/>\n<meta property=\"og:site_name\" content=\"Saheb Consulting\" \/>\n<meta property=\"article:modified_time\" content=\"2022-04-04T23:21:41+00:00\" \/>\n<meta name=\"twitter:card\" content=\"summary_large_image\" \/>\n<script type=\"application\/ld+json\" class=\"yoast-schema-graph\">{\"@context\":\"https:\/\/schema.org\",\"@graph\":[{\"@type\":\"WebPage\",\"@id\":\"https:\/\/saheb-consulting.de\/en\/contact\/\",\"url\":\"https:\/\/saheb-consulting.de\/en\/contact\/\",\"name\":\"Contact - Saheb Consulting\",\"isPartOf\":{\"@id\":\"https:\/\/saheb-consulting.de\/#website\"},\"datePublished\":\"2020-10-20T03:09:01+00:00\",\"dateModified\":\"2022-04-04T23:21:41+00:00\",\"breadcrumb\":{\"@id\":\"https:\/\/saheb-consulting.de\/en\/contact\/#breadcrumb\"},\"inLanguage\":\"en-US\",\"potentialAction\":[{\"@type\":\"ReadAction\",\"target\":[\"https:\/\/saheb-consulting.de\/en\/contact\/\"]}]},{\"@type\":\"BreadcrumbList\",\"@id\":\"https:\/\/saheb-consulting.de\/en\/contact\/#breadcrumb\",\"itemListElement\":[{\"@type\":\"ListItem\",\"position\":1,\"name\":\"Home\",\"item\":\"https:\/\/saheb-consulting.de\/en\/\"},{\"@type\":\"ListItem\",\"position\":2,\"name\":\"Contact\"}]},{\"@type\":\"WebSite\",\"@id\":\"https:\/\/saheb-consulting.de\/#website\",\"url\":\"https:\/\/saheb-consulting.de\/\",\"name\":\"Saheb Consulting\",\"description\":\"Lean Administration f\u00fcr Fach- und F\u00fchrungskr\u00e4fte\",\"potentialAction\":[{\"@type\":\"SearchAction\",\"target\":{\"@type\":\"EntryPoint\",\"urlTemplate\":\"https:\/\/saheb-consulting.de\/?s={search_term_string}\"},\"query-input\":{\"@type\":\"PropertyValueSpecification\",\"valueRequired\":true,\"valueName\":\"search_term_string\"}}],\"inLanguage\":\"en-US\"}]}<\/script>\n<!-- \/ Yoast SEO Premium plugin. -->","yoast_head_json":{"title":"Contact - Saheb Consulting","robots":{"index":"noindex","follow":"nofollow"},"og_locale":"en_US","og_type":"article","og_title":"Contact","og_description":"Contact us Address Saheb Consulting UG K\u00f6penicker Landstra\u00dfe 254 12437 Berlin, Germany CEO: Kathrin Saheb Phone number Mobile: +49 (0) 162 66 48 575 E-mail address info@saheb-consulting.de Contact form In order to be able to process your request, it is necessary to process the data you have provided. This means that when you submit the contact form, you agree that your data (see Privacy Policy) will be processed. Your data will be deleted after the purpose no longer applies. You can (see Art. 21 GDPR) object to the processing of your data at any time.","og_url":"https:\/\/saheb-consulting.de\/en\/contact\/","og_site_name":"Saheb Consulting","article_modified_time":"2022-04-04T23:21:41+00:00","twitter_card":"summary_large_image","schema":{"@context":"https:\/\/schema.org","@graph":[{"@type":"WebPage","@id":"https:\/\/saheb-consulting.de\/en\/contact\/","url":"https:\/\/saheb-consulting.de\/en\/contact\/","name":"Contact - Saheb Consulting","isPartOf":{"@id":"https:\/\/saheb-consulting.de\/#website"},"datePublished":"2020-10-20T03:09:01+00:00","dateModified":"2022-04-04T23:21:41+00:00","breadcrumb":{"@id":"https:\/\/saheb-consulting.de\/en\/contact\/#breadcrumb"},"inLanguage":"en-US","potentialAction":[{"@type":"ReadAction","target":["https:\/\/saheb-consulting.de\/en\/contact\/"]}]},{"@type":"BreadcrumbList","@id":"https:\/\/saheb-consulting.de\/en\/contact\/#breadcrumb","itemListElement":[{"@type":"ListItem","position":1,"name":"Home","item":"https:\/\/saheb-consulting.de\/en\/"},{"@type":"ListItem","position":2,"name":"Contact"}]},{"@type":"WebSite","@id":"https:\/\/saheb-consulting.de\/#website","url":"https:\/\/saheb-consulting.de\/","name":"Saheb Consulting","description":"Lean Administration f\u00fcr Fach- und F\u00fchrungskr\u00e4fte","potentialAction":[{"@type":"SearchAction","target":{"@type":"EntryPoint","urlTemplate":"https:\/\/saheb-consulting.de\/?s={search_term_string}"},"query-input":{"@type":"PropertyValueSpecification","valueRequired":true,"valueName":"search_term_string"}}],"inLanguage":"en-US"}]}},"_links":{"self":[{"href":"https:\/\/saheb-consulting.de\/en\/wp-json\/wp\/v2\/pages\/8688","targetHints":{"allow":["GET"]}}],"collection":[{"href":"https:\/\/saheb-consulting.de\/en\/wp-json\/wp\/v2\/pages"}],"about":[{"href":"https:\/\/saheb-consulting.de\/en\/wp-json\/wp\/v2\/types\/page"}],"author":[{"embeddable":true,"href":"https:\/\/saheb-consulting.de\/en\/wp-json\/wp\/v2\/users\/1"}],"replies":[{"embeddable":true,"href":"https:\/\/saheb-consulting.de\/en\/wp-json\/wp\/v2\/comments?post=8688"}],"version-history":[{"count":8,"href":"https:\/\/saheb-consulting.de\/en\/wp-json\/wp\/v2\/pages\/8688\/revisions"}],"predecessor-version":[{"id":9136,"href":"https:\/\/saheb-consulting.de\/en\/wp-json\/wp\/v2\/pages\/8688\/revisions\/9136"}],"wp:attachment":[{"href":"https:\/\/saheb-consulting.de\/en\/wp-json\/wp\/v2\/media?parent=8688"}],"curies":[{"name":"wp","href":"https:\/\/api.w.org\/{rel}","templated":true}]}}