{"id":8657,"date":"2022-03-24T19:41:39","date_gmt":"2022-03-24T18:41:39","guid":{"rendered":"https:\/\/saheb-consulting.de\/das-buch\/"},"modified":"2022-04-05T23:38:10","modified_gmt":"2022-04-05T22:38:10","slug":"the-book","status":"publish","type":"page","link":"https:\/\/saheb-consulting.de\/en\/the-book\/","title":{"rendered":"The Book"},"content":{"rendered":"\t\t<div data-elementor-type=\"wp-page\" data-elementor-id=\"8657\" class=\"elementor elementor-8657 elementor-6353\" data-elementor-post-type=\"page\">\n\t\t\t\t\t\t<section class=\"elementor-section elementor-top-section elementor-element elementor-element-1db69b6 elementor-section-stretched elementor-section-boxed elementor-section-gap-beside-yes elementor-section-height-default elementor-section-height-default elementor-section-content-align-center elementor-section-column-vertical-align-stretch\" data-id=\"1db69b6\" data-element_type=\"section\" data-settings=\"{&quot;stretch_section&quot;:&quot;section-stretched&quot;,&quot;background_background&quot;:&quot;classic&quot;}\">\n\t\t\t\t\t\t<div class=\"elementor-container elementor-column-gap-extended\">\n\t\t\t\t\t<div class=\"elementor-column elementor-col-50 elementor-top-column elementor-element elementor-element-4ade2aa\" data-id=\"4ade2aa\" data-element_type=\"column\">\n\t\t\t<div class=\"elementor-widget-wrap elementor-element-populated\">\n\t\t\t\t\t\t<div class=\"elementor-element elementor-element-4060674 elementor-widget elementor-widget-heading\" data-id=\"4060674\" data-element_type=\"widget\" data-widget_type=\"heading.default\">\n\t\t\t\t\t<h2 class=\"elementor-heading-title elementor-size-default\">The book - Lean Administration step by step<\/h2>\t\t\t\t<\/div>\n\t\t\t\t\t<\/div>\n\t\t<\/div>\n\t\t\t\t<div class=\"elementor-column elementor-col-50 elementor-top-column elementor-element elementor-element-5e34395\" data-id=\"5e34395\" data-element_type=\"column\">\n\t\t\t<div class=\"elementor-widget-wrap elementor-element-populated\">\n\t\t\t\t\t\t<div class=\"elementor-element elementor-element-05dbabb elementor-widget elementor-widget-image\" data-id=\"05dbabb\" data-element_type=\"widget\" data-widget_type=\"image.default\">\n\t\t\t\t\t\t\t\t\t\t\t\t\t\t\t<img loading=\"lazy\" decoding=\"async\" width=\"2000\" height=\"443\" src=\"https:\/\/saheb-consulting.de\/wp-content\/uploads\/2022\/03\/Amazon_Kindle_logo.svg.png\" class=\"attachment-full size-full wp-image-6372\" alt=\"\" srcset=\"https:\/\/saheb-consulting.de\/wp-content\/uploads\/2022\/03\/Amazon_Kindle_logo.svg.png 2000w, https:\/\/saheb-consulting.de\/wp-content\/uploads\/2022\/03\/Amazon_Kindle_logo.svg-300x66.png 300w, https:\/\/saheb-consulting.de\/wp-content\/uploads\/2022\/03\/Amazon_Kindle_logo.svg-1024x227.png 1024w, https:\/\/saheb-consulting.de\/wp-content\/uploads\/2022\/03\/Amazon_Kindle_logo.svg-768x170.png 768w, https:\/\/saheb-consulting.de\/wp-content\/uploads\/2022\/03\/Amazon_Kindle_logo.svg-1536x340.png 1536w, https:\/\/saheb-consulting.de\/wp-content\/uploads\/2022\/03\/Amazon_Kindle_logo.svg-400x89.png 400w, https:\/\/saheb-consulting.de\/wp-content\/uploads\/2022\/03\/Amazon_Kindle_logo.svg-600x133.png 600w\" sizes=\"auto, (max-width: 2000px) 100vw, 2000px\" \/>\t\t\t\t\t\t\t\t\t\t\t\t\t\t\t<\/div>\n\t\t\t\t\t<\/div>\n\t\t<\/div>\n\t\t\t\t\t<\/div>\n\t\t<\/section>\n\t\t\t\t<section class=\"elementor-section elementor-top-section elementor-element elementor-element-5b21eb3 elementor-section-stretched elementor-section-boxed elementor-section-gap-beside-yes elementor-section-height-default elementor-section-height-default elementor-section-content-align-center elementor-section-column-vertical-align-stretch\" data-id=\"5b21eb3\" data-element_type=\"section\" data-settings=\"{&quot;stretch_section&quot;:&quot;section-stretched&quot;,&quot;background_background&quot;:&quot;classic&quot;}\">\n\t\t\t\t\t\t<div class=\"elementor-container elementor-column-gap-extended\">\n\t\t\t\t\t<div class=\"elementor-column elementor-col-100 elementor-top-column elementor-element elementor-element-26a9f61\" data-id=\"26a9f61\" data-element_type=\"column\">\n\t\t\t<div class=\"elementor-widget-wrap elementor-element-populated\">\n\t\t\t\t\t\t<section class=\"elementor-section elementor-inner-section elementor-element elementor-element-37ff4e3 elementor-section-gap-beside-no elementor-section-boxed elementor-section-height-default elementor-section-height-default elementor-section-column-vertical-align-stretch\" data-id=\"37ff4e3\" data-element_type=\"section\">\n\t\t\t\t\t\t<div class=\"elementor-container elementor-column-gap-extended\">\n\t\t\t\t\t<div class=\"elementor-column elementor-col-50 elementor-inner-column elementor-element elementor-element-2f3c524\" data-id=\"2f3c524\" data-element_type=\"column\">\n\t\t\t<div class=\"elementor-widget-wrap elementor-element-populated\">\n\t\t\t\t\t\t<div class=\"elementor-element elementor-element-fc4ed3c elementor-widget elementor-widget-text-editor\" data-id=\"fc4ed3c\" data-element_type=\"widget\" data-widget_type=\"text-editor.default\">\n\t\t\t\t\t\t\t\t\t<p>&#8220;Lean Administration Step by Step&#8221; is aimed at specialists and managers who want to introduce lean administration. It is designed as a 2-volume practical manual.<\/p><p>The book Kathrin Saheb: Lean Administration (ISBN: 978-3-95631-168-0) was published by Shaker Media.<\/p><p>It is shown step by step how Lean Administration is successfully introduced. The procedure presented is based on the author&#8217;s many years of practice as a lean consultant. In addition to the well-known lean tools and methods, special emphasis is placed on the organization of project implementation and elements of change management.<\/p><p>Many practical examples and a detailed field report on the introduction of lean administration at an Alstom AG site complete the book.<\/p><p>Forms, checklists and selected illustrations will soon be available on the book&#8217;s blog at www.lean-administration-step-fuer-step.de, as will information on the book&#8217;s seminar.<\/p><p>&#8220;Lean Administration Step by Step: Volume 2 &#8211; The Implementation&#8221; is now available in bookstores (Shaker Media, ISBN:978-3956315602).&#8221;Lean Administration Step by Step: Volume 2 &#8211; The Implementation&#8221; is now available in bookstores (Shaker Media, ISBN:978-3956315602).<\/p>\t\t\t\t\t\t\t\t<\/div>\n\t\t\t\t\t<\/div>\n\t\t<\/div>\n\t\t\t\t<div class=\"elementor-column elementor-col-50 elementor-inner-column elementor-element elementor-element-e21cd06\" data-id=\"e21cd06\" data-element_type=\"column\">\n\t\t\t<div class=\"elementor-widget-wrap elementor-element-populated\">\n\t\t\t\t\t\t<div class=\"elementor-element elementor-element-d206839 elementor-widget elementor-widget-image\" data-id=\"d206839\" data-element_type=\"widget\" data-widget_type=\"image.default\">\n\t\t\t\t\t\t\t\t\t\t\t\t\t\t\t\t<a href=\"https:\/\/www.amazon.de\/Lean-Administration-Step-implementation-organisations-ebook\/dp\/B01HZVST3Q\/ref=sr_1_3?qid=1649038752&#038;refinements=p_27%3AKathrin+Saheb&#038;s=books&#038;sr=1-3&#038;text=Kathrin+Saheb\" target=\"_blank\">\n\t\t\t\t\t\t\t<img loading=\"lazy\" decoding=\"async\" width=\"353\" height=\"500\" src=\"https:\/\/saheb-consulting.de\/wp-content\/uploads\/2022\/04\/41dD-9b-yL.jpg\" class=\"attachment-full size-full wp-image-8666\" alt=\"\" srcset=\"https:\/\/saheb-consulting.de\/wp-content\/uploads\/2022\/04\/41dD-9b-yL.jpg 353w, https:\/\/saheb-consulting.de\/wp-content\/uploads\/2022\/04\/41dD-9b-yL-212x300.jpg 212w\" sizes=\"auto, (max-width: 353px) 100vw, 353px\" \/>\t\t\t\t\t\t\t\t<\/a>\n\t\t\t\t\t\t\t\t\t\t\t\t\t\t\t<\/div>\n\t\t\t\t<div class=\"elementor-element elementor-element-37b31c0 elementor-widget elementor-widget-text-editor\" data-id=\"37b31c0\" data-element_type=\"widget\" data-widget_type=\"text-editor.default\">\n\t\t\t\t\t\t\t\t\t<p><strong>Author:<\/strong> Kathrin Saheb<br \/><strong>Graphic:<\/strong> Paul Giraud<br \/><strong>Languages:<\/strong> English<\/p>\t\t\t\t\t\t\t\t<\/div>\n\t\t\t\t<div class=\"elementor-element elementor-element-ee3cc61 elementor-align-justify elementor-widget elementor-widget-button\" data-id=\"ee3cc61\" data-element_type=\"widget\" data-widget_type=\"button.default\">\n\t\t\t\t\t\t\t\t\t\t<a class=\"elementor-button elementor-button-link elementor-size-sm\" href=\"https:\/\/www.amazon.de\/Lean-Administration-Step-implementation-organisations-ebook\/dp\/B01HZVST3Q\/ref=sr_1_3?qid=1649038752&#038;refinements=p_27%3AKathrin+Saheb&#038;s=books&#038;sr=1-3&#038;text=Kathrin+Saheb\" target=\"_blank\" rel=\"nofollow\">\n\t\t\t\t\t\t<span class=\"elementor-button-content-wrapper\">\n\t\t\t\t\t\t\t\t\t<span class=\"elementor-button-text\">To the book<\/span>\n\t\t\t\t\t<\/span>\n\t\t\t\t\t<\/a>\n\t\t\t\t\t\t\t\t<\/div>\n\t\t\t\t\t<\/div>\n\t\t<\/div>\n\t\t\t\t\t<\/div>\n\t\t<\/section>\n\t\t\t\t\t<\/div>\n\t\t<\/div>\n\t\t\t\t\t<\/div>\n\t\t<\/section>\n\t\t\t\t<\/div>\n\t\t","protected":false},"excerpt":{"rendered":"<p>The book &#8211; Lean Administration step by step &#8220;Lean Administration Step by Step&#8221; is aimed at specialists and managers who want to introduce lean administration. It is designed as a 2-volume practical manual. The book Kathrin Saheb: Lean Administration (ISBN: 978-3-95631-168-0) was published by Shaker Media. It is shown step by step how Lean Administration is successfully introduced. The procedure presented is based on the author&#8217;s many years of practice as a lean consultant. In addition to the well-known lean tools and methods, special emphasis is placed on the organization of project implementation and elements of change management. Many practical examples and a detailed field report on the introduction of lean administration at an Alstom AG site complete the book. Forms, checklists and selected illustrations will soon be available on the book&#8217;s blog at www.lean-administration-step-fuer-step.de, as will information on the book&#8217;s seminar. &#8220;Lean Administration Step by Step: Volume 2 &#8211; The Implementation&#8221; is now available in bookstores (Shaker Media, ISBN:978-3956315602).&#8221;Lean Administration Step by Step: Volume 2 &#8211; The Implementation&#8221; is now available in bookstores (Shaker Media, ISBN:978-3956315602). Author: Kathrin SahebGraphic: Paul GiraudLanguages: English To the book<\/p>\n","protected":false},"author":2,"featured_media":0,"parent":0,"menu_order":0,"comment_status":"closed","ping_status":"closed","template":"","meta":{"footnotes":""},"class_list":["post-8657","page","type-page","status-publish","hentry","post-no-thumbnail"],"yoast_head":"<!-- This site is optimized with the Yoast SEO Premium plugin v18.2.1 (Yoast SEO v26.0) - https:\/\/yoast.com\/wordpress\/plugins\/seo\/ -->\n<title>The Book - Saheb Consulting<\/title>\n<meta name=\"robots\" content=\"index, follow, max-snippet:-1, max-image-preview:large, max-video-preview:-1\" \/>\n<link rel=\"canonical\" href=\"https:\/\/saheb-consulting.de\/das-buch\/\" \/>\n<meta property=\"og:locale\" content=\"en_US\" \/>\n<meta property=\"og:type\" content=\"article\" \/>\n<meta property=\"og:title\" content=\"The Book\" \/>\n<meta property=\"og:description\" content=\"The book &#8211; Lean Administration step by step &#8220;Lean Administration Step by Step&#8221; is aimed at specialists and managers who want to introduce lean administration. It is designed as a 2-volume practical manual. The book Kathrin Saheb: Lean Administration (ISBN: 978-3-95631-168-0) was published by Shaker Media. It is shown step by step how Lean Administration is successfully introduced. The procedure presented is based on the author&#8217;s many years of practice as a lean consultant. In addition to the well-known lean tools and methods, special emphasis is placed on the organization of project implementation and elements of change management. Many practical examples and a detailed field report on the introduction of lean administration at an Alstom AG site complete the book. Forms, checklists and selected illustrations will soon be available on the book&#8217;s blog at www.lean-administration-step-fuer-step.de, as will information on the book&#8217;s seminar. &#8220;Lean Administration Step by Step: Volume 2 &#8211; The Implementation&#8221; is now available in bookstores (Shaker Media, ISBN:978-3956315602).&#8221;Lean Administration Step by Step: Volume 2 &#8211; The Implementation&#8221; is now available in bookstores (Shaker Media, ISBN:978-3956315602). Author: Kathrin SahebGraphic: Paul GiraudLanguages: English To the book\" \/>\n<meta property=\"og:url\" content=\"https:\/\/saheb-consulting.de\/das-buch\/\" \/>\n<meta property=\"og:site_name\" content=\"Saheb Consulting\" \/>\n<meta property=\"article:modified_time\" content=\"2022-04-05T22:38:10+00:00\" \/>\n<meta property=\"og:image\" content=\"https:\/\/saheb-consulting.de\/wp-content\/uploads\/2022\/03\/Amazon_Kindle_logo.svg.png\" \/>\n<meta name=\"twitter:card\" content=\"summary_large_image\" \/>\n<meta name=\"twitter:label1\" content=\"Est. reading time\" \/>\n\t<meta name=\"twitter:data1\" content=\"1 minute\" \/>\n<script type=\"application\/ld+json\" class=\"yoast-schema-graph\">{\"@context\":\"https:\/\/schema.org\",\"@graph\":[{\"@type\":\"WebPage\",\"@id\":\"https:\/\/saheb-consulting.de\/das-buch\/\",\"url\":\"https:\/\/saheb-consulting.de\/das-buch\/\",\"name\":\"The Book - Saheb Consulting\",\"isPartOf\":{\"@id\":\"https:\/\/saheb-consulting.de\/#website\"},\"primaryImageOfPage\":{\"@id\":\"https:\/\/saheb-consulting.de\/das-buch\/#primaryimage\"},\"image\":{\"@id\":\"https:\/\/saheb-consulting.de\/das-buch\/#primaryimage\"},\"thumbnailUrl\":\"https:\/\/saheb-consulting.de\/wp-content\/uploads\/2022\/03\/Amazon_Kindle_logo.svg.png\",\"datePublished\":\"2022-03-24T18:41:39+00:00\",\"dateModified\":\"2022-04-05T22:38:10+00:00\",\"breadcrumb\":{\"@id\":\"https:\/\/saheb-consulting.de\/das-buch\/#breadcrumb\"},\"inLanguage\":\"en-US\",\"potentialAction\":[{\"@type\":\"ReadAction\",\"target\":[\"https:\/\/saheb-consulting.de\/das-buch\/\"]}]},{\"@type\":\"ImageObject\",\"inLanguage\":\"en-US\",\"@id\":\"https:\/\/saheb-consulting.de\/das-buch\/#primaryimage\",\"url\":\"https:\/\/saheb-consulting.de\/wp-content\/uploads\/2022\/03\/Amazon_Kindle_logo.svg.png\",\"contentUrl\":\"https:\/\/saheb-consulting.de\/wp-content\/uploads\/2022\/03\/Amazon_Kindle_logo.svg.png\"},{\"@type\":\"BreadcrumbList\",\"@id\":\"https:\/\/saheb-consulting.de\/das-buch\/#breadcrumb\",\"itemListElement\":[{\"@type\":\"ListItem\",\"position\":1,\"name\":\"Home\",\"item\":\"https:\/\/saheb-consulting.de\/en\/\"},{\"@type\":\"ListItem\",\"position\":2,\"name\":\"The Book\"}]},{\"@type\":\"WebSite\",\"@id\":\"https:\/\/saheb-consulting.de\/#website\",\"url\":\"https:\/\/saheb-consulting.de\/\",\"name\":\"Saheb Consulting\",\"description\":\"Lean Administration f\u00fcr Fach- und F\u00fchrungskr\u00e4fte\",\"potentialAction\":[{\"@type\":\"SearchAction\",\"target\":{\"@type\":\"EntryPoint\",\"urlTemplate\":\"https:\/\/saheb-consulting.de\/?s={search_term_string}\"},\"query-input\":{\"@type\":\"PropertyValueSpecification\",\"valueRequired\":true,\"valueName\":\"search_term_string\"}}],\"inLanguage\":\"en-US\"}]}<\/script>\n<!-- \/ Yoast SEO Premium plugin. -->","yoast_head_json":{"title":"The Book - Saheb Consulting","robots":{"index":"index","follow":"follow","max-snippet":"max-snippet:-1","max-image-preview":"max-image-preview:large","max-video-preview":"max-video-preview:-1"},"canonical":"https:\/\/saheb-consulting.de\/das-buch\/","og_locale":"en_US","og_type":"article","og_title":"The Book","og_description":"The book &#8211; Lean Administration step by step &#8220;Lean Administration Step by Step&#8221; is aimed at specialists and managers who want to introduce lean administration. It is designed as a 2-volume practical manual. The book Kathrin Saheb: Lean Administration (ISBN: 978-3-95631-168-0) was published by Shaker Media. It is shown step by step how Lean Administration is successfully introduced. The procedure presented is based on the author&#8217;s many years of practice as a lean consultant. In addition to the well-known lean tools and methods, special emphasis is placed on the organization of project implementation and elements of change management. Many practical examples and a detailed field report on the introduction of lean administration at an Alstom AG site complete the book. Forms, checklists and selected illustrations will soon be available on the book&#8217;s blog at www.lean-administration-step-fuer-step.de, as will information on the book&#8217;s seminar. &#8220;Lean Administration Step by Step: Volume 2 &#8211; The Implementation&#8221; is now available in bookstores (Shaker Media, ISBN:978-3956315602).&#8221;Lean Administration Step by Step: Volume 2 &#8211; The Implementation&#8221; is now available in bookstores (Shaker Media, ISBN:978-3956315602). Author: Kathrin SahebGraphic: Paul GiraudLanguages: English To the book","og_url":"https:\/\/saheb-consulting.de\/das-buch\/","og_site_name":"Saheb Consulting","article_modified_time":"2022-04-05T22:38:10+00:00","og_image":[{"url":"https:\/\/saheb-consulting.de\/wp-content\/uploads\/2022\/03\/Amazon_Kindle_logo.svg.png","type":"","width":"","height":""}],"twitter_card":"summary_large_image","twitter_misc":{"Est. reading time":"1 minute"},"schema":{"@context":"https:\/\/schema.org","@graph":[{"@type":"WebPage","@id":"https:\/\/saheb-consulting.de\/das-buch\/","url":"https:\/\/saheb-consulting.de\/das-buch\/","name":"The Book - Saheb Consulting","isPartOf":{"@id":"https:\/\/saheb-consulting.de\/#website"},"primaryImageOfPage":{"@id":"https:\/\/saheb-consulting.de\/das-buch\/#primaryimage"},"image":{"@id":"https:\/\/saheb-consulting.de\/das-buch\/#primaryimage"},"thumbnailUrl":"https:\/\/saheb-consulting.de\/wp-content\/uploads\/2022\/03\/Amazon_Kindle_logo.svg.png","datePublished":"2022-03-24T18:41:39+00:00","dateModified":"2022-04-05T22:38:10+00:00","breadcrumb":{"@id":"https:\/\/saheb-consulting.de\/das-buch\/#breadcrumb"},"inLanguage":"en-US","potentialAction":[{"@type":"ReadAction","target":["https:\/\/saheb-consulting.de\/das-buch\/"]}]},{"@type":"ImageObject","inLanguage":"en-US","@id":"https:\/\/saheb-consulting.de\/das-buch\/#primaryimage","url":"https:\/\/saheb-consulting.de\/wp-content\/uploads\/2022\/03\/Amazon_Kindle_logo.svg.png","contentUrl":"https:\/\/saheb-consulting.de\/wp-content\/uploads\/2022\/03\/Amazon_Kindle_logo.svg.png"},{"@type":"BreadcrumbList","@id":"https:\/\/saheb-consulting.de\/das-buch\/#breadcrumb","itemListElement":[{"@type":"ListItem","position":1,"name":"Home","item":"https:\/\/saheb-consulting.de\/en\/"},{"@type":"ListItem","position":2,"name":"The Book"}]},{"@type":"WebSite","@id":"https:\/\/saheb-consulting.de\/#website","url":"https:\/\/saheb-consulting.de\/","name":"Saheb Consulting","description":"Lean Administration f\u00fcr Fach- und F\u00fchrungskr\u00e4fte","potentialAction":[{"@type":"SearchAction","target":{"@type":"EntryPoint","urlTemplate":"https:\/\/saheb-consulting.de\/?s={search_term_string}"},"query-input":{"@type":"PropertyValueSpecification","valueRequired":true,"valueName":"search_term_string"}}],"inLanguage":"en-US"}]}},"_links":{"self":[{"href":"https:\/\/saheb-consulting.de\/en\/wp-json\/wp\/v2\/pages\/8657","targetHints":{"allow":["GET"]}}],"collection":[{"href":"https:\/\/saheb-consulting.de\/en\/wp-json\/wp\/v2\/pages"}],"about":[{"href":"https:\/\/saheb-consulting.de\/en\/wp-json\/wp\/v2\/types\/page"}],"author":[{"embeddable":true,"href":"https:\/\/saheb-consulting.de\/en\/wp-json\/wp\/v2\/users\/2"}],"replies":[{"embeddable":true,"href":"https:\/\/saheb-consulting.de\/en\/wp-json\/wp\/v2\/comments?post=8657"}],"version-history":[{"count":29,"href":"https:\/\/saheb-consulting.de\/en\/wp-json\/wp\/v2\/pages\/8657\/revisions"}],"predecessor-version":[{"id":9429,"href":"https:\/\/saheb-consulting.de\/en\/wp-json\/wp\/v2\/pages\/8657\/revisions\/9429"}],"wp:attachment":[{"href":"https:\/\/saheb-consulting.de\/en\/wp-json\/wp\/v2\/media?parent=8657"}],"curies":[{"name":"wp","href":"https:\/\/api.w.org\/{rel}","templated":true}]}}